{"id":2288,"date":"2021-08-10T23:42:08","date_gmt":"2021-08-11T02:42:08","guid":{"rendered":"https:\/\/sursurmercociudades.org\/?page_id=2288"},"modified":"2024-01-04T15:24:37","modified_gmt":"2024-01-04T18:24:37","slug":"programa","status":"publish","type":"page","link":"https:\/\/sursurmercociudades.org\/pt-br\/programa\/","title":{"rendered":"Programa"},"content":{"rendered":"\r\n  <div id=\"page-header-1645095210\" class=\"page-header-wrapper\">\n  <div class=\"page-title dark featured-title\">\n\n    \n    <div class=\"page-title-inner container align-center flex-row medium-flex-wrap\" >\n              <div class=\"title-wrapper flex-col text-left medium-text-center\">\n          <h1 class=\"entry-title mb-0\">\n            Programa          <\/h1>\n        <\/div>\n                    <div class=\"title-content flex-col flex-right text-right medium-text-center\">\n        <div class=\"title-breadcrumbs pb-half pt-half\"><\/div>      <\/div>\n    <\/div>\n\n     \n<style>\n#page-header-1645095210 {\n  margin-bottom: 29px;\n}\n<\/style>\n  <\/div>\n    <\/div>\n   <div class=\"row\"  id=\"row-1330766734\"> \n\t<div id=\"col-147694164\" class=\"col medium-7 small-12 large-7\"  >\n\t\t\t\t<div class=\"col-inner\"  >\n\t\t\t\n\t\t\t\r\n<p><strong>Objetivos<\/strong><br \/><br \/>O <strong>Programa de Coopera\u00e7\u00e3o Sul-Sul de Mercocidades<\/strong> tem por objetivos promover, visibilizar, formalizar e sistematizar a\u00e7\u00f5es de coopera\u00e7\u00e3o e interc\u00e2mbio entre governos locais de Mercocidades e terceiros.<\/p>\r\n<p><strong><u>Visa:<\/u><\/strong><\/p>\r\n<p>. Valorizar as capacidades atuais dos governos locais da Rede de Mercocidades na lideran\u00e7a e implementa\u00e7\u00e3o de pol\u00edticas de coopera\u00e7\u00e3o Sul-Sul.<br \/>. Potencializar, otimizar e dotar de um marco procedimental \u00e0 coopera\u00e7\u00e3o Sul-Sul da Rede entre seus membros e com terceiros.<br \/>. Posicionar a Mercocidades como um ator da Coopera\u00e7\u00e3o Internacional.<\/p>\r\n<p><u>O programa se inspira nos seguintes princ\u00edpios:<\/u><\/p>\r\n<p>. Horizontalidade, colabora\u00e7\u00e3o entre iguais.<br \/>. Consenso entre as partes.<br \/>. Benef\u00edcios equitativos entre todos os s\u00f3cios.<br \/>. Valoriza\u00e7\u00e3o dos resultados qualitativos.<\/p>\r\n<p><strong><u>Suas linhas de a\u00e7\u00e3o s\u00e3o:<\/u><\/strong><\/p>\r\n<p>Financiamento, forma\u00e7\u00e3o e assessoria e interc\u00e2mbio t\u00e9cnico.\u00a0<\/p>\r\n<p>Todos os anos realizamos uma convocat\u00f3ria anual para o financiamento de projetos de coopera\u00e7\u00e3o Sul Sul (entre cidades sul-americanas) e dois convocat\u00f3rias para capacita\u00e7\u00e3o na formula\u00e7\u00e3o de projetos regionais e para o desenvolvimento de estrat\u00e9gias de resili\u00eancia locais. No campo da capacita\u00e7\u00e3o as melhores iniciativas resultantes de ambos processos acedem a interc\u00e2mbios t\u00e9cnicos com cidades da regi\u00e3o l\u00edderes na implementa\u00e7\u00e3o de programas e estrat\u00e9gias nas tem\u00e1ticas abordados durante a forma\u00e7ao.<\/p>\r\n<p>As tr\u00eas linhas de a\u00e7\u00e3o convidam a participar de forma direta ou indireta a representantes de governos locais, de segundo n\u00edvel de governo e organiza\u00e7\u00f5es da sociedade civil; e de institui\u00e7\u00f5es acad\u00eamicas alojadas nas <a href=\"https:\/\/mercociudades.org\/ciudades-miembro\/\">mais de 370 cidades de Am\u00e9rica do Sul que comp\u00f5em a Rede.<\/a><\/p>\r\n<p>Conhe\u00e7a <a href=\"https:\/\/sursurmercociudades.org\/pt-br\/como-participar\/\"><strong>como participar<\/strong><\/a> e <a href=\"https:\/\/sursurmercociudades.org\/pt-br\/como-colaborar\/\"><strong>como colaborar<\/strong> <\/a>com o Programa.<\/p>\r\n<p><strong><u>Antecedentes<\/u><\/strong><\/p>\r\n<p>Mercocidades foi criada em 1995 com o objetivo de potencializar a a\u00e7\u00e3o dos governos locais em integra\u00e7\u00e3o regional. Em suas origens esta Rede contou com 12 cidades, e na atualidade supera as 370 em 11 pa\u00edses da regi\u00e3o, onde habitam mais de 120 milh\u00f5es de pessoas.<\/p>\r\n<p>Ap\u00f3s 28 anos de sua cria\u00e7\u00e3o, a Rede se configurou como um ator da Coopera\u00e7\u00e3o Sul-Sul em suas tr\u00eas modalidades: pol\u00edtica (defesa conjunta de posi\u00e7\u00f5es nos \u00e2mbitos regional e global); t\u00e9cnica (interc\u00e2mbio de pol\u00edticas, conhecimentos e experi\u00eancias); e econ\u00f4mica (pol\u00edticas dirigidas \u00e0 promo\u00e7\u00e3o comercial e integra\u00e7\u00e3o produtiva). Atrav\u00e9s da horizontalidade em suas a\u00e7\u00f5es tem realizado, de fato, coopera\u00e7\u00e3o Sul-Sul desde sua cria\u00e7\u00e3o.<\/p>\r\n<p>O Programa de Coopera\u00e7\u00e3o Sul-Sul logra se conformar como tal a fins de 2016, e tem seu antecedente no marco da alian\u00e7a estrat\u00e9gica de Mercocidades com o Observat\u00f3rio de Coopera\u00e7\u00e3o Descentralizada UE\/AL (OCD), a partir da qual se tem trabalhado nos \u00faltimos anos.<\/p>\r\n<p>Fotograf\u00edas: Prensa Santa Fe Ciudad \/ XXI Cumbre de Mercociudades, noviembre,\u00a02016.<\/p>\r\n<p>&nbsp;<\/p>\r\n\t\t<\/div>\n\t\t\t\t\t<\/div>\n\n\t \n\t<div id=\"col-435534187\" class=\"col medium-5 small-12 large-5\"  >\n\t\t\t\t<div class=\"col-inner\"  >\n\t\t\t\n\t\t\t \t<div class=\"img has-hover x md-x lg-x y md-y lg-y\" id=\"image_1021836112\">\n\t\t\t\t\t\t\t\t<div class=\"img-inner dark\" >\n\t\t\t<img loading=\"lazy\" decoding=\"async\" width=\"480\" height=\"320\" src=\"https:\/\/sursurmercociudades.org\/wp-content\/uploads\/2021\/06\/programa_0.jpg\" class=\"attachment-large size-large\" alt=\"\" \/>\t\t\t\t\t\t\n\t\t\t\t\t<\/div>\n\t\t\t\t\t\t\t\t\n<style>\n#image_1021836112 {\n  width: 100%;\n}\n<\/style>\n\t<\/div>\n\t \t<div class=\"img has-hover x md-x lg-x y md-y lg-y\" id=\"image_822375817\">\n\t\t\t\t\t\t\t\t<div class=\"img-inner dark\" >\n\t\t\t<img loading=\"lazy\" decoding=\"async\" width=\"480\" height=\"320\" src=\"https:\/\/sursurmercociudades.org\/wp-content\/uploads\/2021\/06\/programa1_0.jpg\" class=\"attachment-large size-large\" alt=\"\" \/>\t\t\t\t\t\t\n\t\t\t\t\t<\/div>\n\t\t\t\t\t\t\t\t\n<style>\n#image_822375817 {\n  width: 100%;\n}\n<\/style>\n\t<\/div>\n\t \t<div class=\"img has-hover x md-x lg-x y md-y lg-y\" id=\"image_1761712560\">\n\t\t\t\t\t\t\t\t<div class=\"img-inner dark\" >\n\t\t\t<img loading=\"lazy\" decoding=\"async\" width=\"480\" height=\"300\" src=\"https:\/\/sursurmercociudades.org\/wp-content\/uploads\/2021\/06\/programa2_0.jpg\" class=\"attachment-large size-large\" alt=\"\" \/>\t\t\t\t\t\t\n\t\t\t\t\t<\/div>\n\t\t\t\t\t\t\t\t\n<style>\n#image_1761712560 {\n  width: 100%;\n}\n<\/style>\n\t<\/div>\n\t \t\t<\/div>\n\t\t\t\t\t<\/div>\n\n\t <\/div>\r\n","protected":false},"excerpt":{"rendered":"","protected":false},"author":1,"featured_media":0,"parent":0,"menu_order":0,"comment_status":"closed","ping_status":"closed","template":"page-blank.php","meta":{"footnotes":""},"class_list":["post-2288","page","type-page","status-publish","hentry"],"_links":{"self":[{"href":"https:\/\/sursurmercociudades.org\/pt-br\/wp-json\/wp\/v2\/pages\/2288","targetHints":{"allow":["GET"]}}],"collection":[{"href":"https:\/\/sursurmercociudades.org\/pt-br\/wp-json\/wp\/v2\/pages"}],"about":[{"href":"https:\/\/sursurmercociudades.org\/pt-br\/wp-json\/wp\/v2\/types\/page"}],"author":[{"embeddable":true,"href":"https:\/\/sursurmercociudades.org\/pt-br\/wp-json\/wp\/v2\/users\/1"}],"replies":[{"embeddable":true,"href":"https:\/\/sursurmercociudades.org\/pt-br\/wp-json\/wp\/v2\/comments?post=2288"}],"version-history":[{"count":12,"href":"https:\/\/sursurmercociudades.org\/pt-br\/wp-json\/wp\/v2\/pages\/2288\/revisions"}],"predecessor-version":[{"id":9250,"href":"https:\/\/sursurmercociudades.org\/pt-br\/wp-json\/wp\/v2\/pages\/2288\/revisions\/9250"}],"wp:attachment":[{"href":"https:\/\/sursurmercociudades.org\/pt-br\/wp-json\/wp\/v2\/media?parent=2288"}],"curies":[{"name":"wp","href":"https:\/\/api.w.org\/{rel}","templated":true}]}}