{"id":2290,"date":"2021-08-10T23:42:57","date_gmt":"2021-08-11T02:42:57","guid":{"rendered":"https:\/\/sursurmercociudades.org\/?page_id=2290"},"modified":"2025-07-03T13:52:29","modified_gmt":"2025-07-03T16:52:29","slug":"convocatoria-sur-sur","status":"publish","type":"page","link":"https:\/\/sursurmercociudades.org\/pt-br\/convocatoria-sur-sur\/","title":{"rendered":"Convocat\u00f3ria Sul-Sul"},"content":{"rendered":"\r\n  <div id=\"page-header-1186131258\" class=\"page-header-wrapper\">\n  <div class=\"page-title dark featured-title\">\n\n    \n    <div class=\"page-title-inner container align-center flex-row medium-flex-wrap\" >\n              <div class=\"title-wrapper flex-col text-left medium-text-center\">\n          <h1 class=\"entry-title mb-0\">\n            Convocat\u00f3ria Sul-Sul          <\/h1>\n        <\/div>\n                    <div class=\"title-content flex-col flex-right text-right medium-text-center\">\n        <div class=\"title-breadcrumbs pb-half pt-half\"><\/div>      <\/div>\n    <\/div>\n\n     \n<style>\n#page-header-1186131258 {\n  margin-bottom: 29px;\n}\n<\/style>\n  <\/div>\n    <\/div>\n   <div class=\"row\"  id=\"row-1714009626\"> \n\t<div id=\"col-657358104\" class=\"col medium-6 small-12 large-6\"  >\n\t\t\t\t<div class=\"col-inner\"  >\n\t\t\t\n\t\t\t\r\n<p>A <strong>Convocat\u00f3ria Sul-Sul<\/strong>\u00a0convida a apresentar projetos para obter o financiamento nas seguintes modalidades:<\/p>\r\n<p>Assist\u00eancia T\u00e9cnica<br \/>Interc\u00e2mbios de expertas\/os e de funcion\u00e1rias\/os<br \/>Est\u00e1gios<br \/>F\u00f3runs\/Semin\u00e1rios\/Oficinas<br \/>Capacita\u00e7\u00e3o de Recursos Humanos<br \/>Elabora\u00e7\u00e3o de produtos de difus\u00e3o e ferramentas de comunica\u00e7\u00e3o<\/p>\r\n<p>Podem se candidatar <a href=\"https:\/\/mercociudades.org\/pt-br\/cidades-membro\/\">cidades membros e Estados associados de Mercocidades<\/a>, assim como universidades da <a href=\"http:\/\/grupomontevideo.org\/sitio\/\">Associa\u00e7\u00e3o de Universidades Grupo Montevid\u00e9u<\/a> e Organiza\u00e7\u00f5es da Sociedade Civil, que trabalhem junto a governos membros ou Estados associados da Rede.<\/p>\r\n<p>Atualmente, os projetos postulados podem aceder a um subs\u00eddio m\u00e1ximo de US$ 10.000, podendo ser financiados at\u00e9 50% dos custos totais do projeto.<\/p>\r\n<p><strong>Princ\u00edpios<\/strong><\/p>\r\n<p>Como orienta\u00e7\u00e3o, a Convocat\u00f3ria re\u00fane os princ\u00edpios da Coopera\u00e7\u00e3o Descentralizada (CD), da Coopera\u00e7\u00e3o Sul-Sul e da Efic\u00e1cia da Ajuda, segundo se detalham a continua\u00e7\u00e3o:<\/p>\r\n<p><u>Coopera\u00e7\u00e3o Descentralizada:<\/u><\/p>\r\n<p>. Arraigo territorial dos atores.<br \/>. Horizontalidade.<br \/>. Reciprocidade: interesse e benef\u00edcios m\u00fatuo.<br \/>. Multidirecionalidade.<br \/>. Surgimento de novos instrumentos.<\/p>\r\n<p><u>Coopera\u00e7\u00e3o Sul-Sul:<\/u><\/p>\r\n<p>. Horizontalidade. Al\u00e9m das diferen\u00e7as de n\u00edvel de desenvolvimento se estabelece a colabora\u00e7\u00e3o entre iguais.<br \/>. Consenso entre as partes \u2013 Equidade.<br \/>. Benef\u00edcios equitativos entre todos os s\u00f3cios.<br \/>. Valoriza\u00e7\u00e3o dos resultados qualitativos.<\/p>\r\n<p><u>Efic\u00e1cia da Ajuda:<\/u><\/p>\r\n<p>. Apropria\u00e7\u00e3o.<br \/>. Alinhamento.<br \/>. Articula\u00e7\u00e3o.<br \/>. Gest\u00e3o orientada a resultados.<br \/>. Responsabilidade m\u00fatua.<\/p>\r\n<p><a href=\"https:\/\/mercociudades.org\/wp-content\/uploads\/2025\/04\/Basess_SurSur_2025.pdf\"><u>Acesse as \u00faltimas bases da Convocat\u00f3ria Sul-Sul<\/u><\/a><\/p>\r\n<p>Esta convocat\u00f3ria \u00e9 realizada anualmente desde 2017 (em um per\u00edodo de 5 meses entre a abertura e o fechamento) com recursos pr\u00f3prios do Mercocidades e o apoio de diversas organiza\u00e7\u00f5es parceiras. <a href=\"https:\/\/sursurmercociudades.org\/como-colaborar\/\">Saiba mais sobre nossos aliados e como colaborar.<\/a><\/p>\r\n\t\t<\/div>\n\t\t\t\t\t<\/div>\n\n\t \n\t<div id=\"col-50533031\" class=\"col medium-6 small-12 large-6\"  >\n\t\t\t\t<div class=\"col-inner\"  >\n\t\t\t\n\t\t\t \t<div class=\"img has-hover x md-x lg-x y md-y lg-y\" id=\"image_1093583220\">\n\t\t\t\t\t\t\t\t<div class=\"img-inner dark\" >\n\t\t\t<img loading=\"lazy\" decoding=\"async\" width=\"480\" height=\"320\" src=\"https:\/\/sursurmercociudades.org\/wp-content\/uploads\/2021\/07\/Convocatoria-sur-sur_0.jpg\" class=\"attachment-large size-large\" alt=\"\" \/>\t\t\t\t\t\t\n\t\t\t\t\t<\/div>\n\t\t\t\t\t\t\t\t\n<style>\n#image_1093583220 {\n  width: 100%;\n}\n<\/style>\n\t<\/div>\n\t \t<div class=\"img has-hover x md-x lg-x y md-y lg-y\" id=\"image_1390536014\">\n\t\t\t\t\t\t\t\t<div class=\"img-inner dark\" >\n\t\t\t<img loading=\"lazy\" decoding=\"async\" width=\"480\" height=\"313\" src=\"https:\/\/sursurmercociudades.org\/wp-content\/uploads\/2021\/07\/convocatoria-sur-sur-1_0.jpg\" class=\"attachment-large size-large\" alt=\"\" \/>\t\t\t\t\t\t\n\t\t\t\t\t<\/div>\n\t\t\t\t\t\t\t\t\n<style>\n#image_1390536014 {\n  width: 100%;\n}\n<\/style>\n\t<\/div>\n\t \t<div class=\"img has-hover x md-x lg-x y md-y lg-y\" id=\"image_1735058518\">\n\t\t\t\t\t\t\t\t<div class=\"img-inner dark\" >\n\t\t\t<img loading=\"lazy\" decoding=\"async\" width=\"480\" height=\"320\" src=\"https:\/\/sursurmercociudades.org\/wp-content\/uploads\/2021\/07\/convocatoria-sur-sur-2_0.jpg\" class=\"attachment-large size-large\" alt=\"\" \/>\t\t\t\t\t\t\n\t\t\t\t\t<\/div>\n\t\t\t\t\t\t\t\t\n<style>\n#image_1735058518 {\n  width: 100%;\n}\n<\/style>\n\t<\/div>\n\t \t\t<\/div>\n\t\t\t\t\t<\/div>\n\n\t <\/div>\r\n\r\n\r\n\r\n<p>&nbsp;<\/p>\r\n","protected":false},"excerpt":{"rendered":"<p>&nbsp;<\/p>\n","protected":false},"author":1,"featured_media":0,"parent":0,"menu_order":0,"comment_status":"closed","ping_status":"closed","template":"page-blank.php","meta":{"footnotes":""},"class_list":["post-2290","page","type-page","status-publish","hentry"],"_links":{"self":[{"href":"https:\/\/sursurmercociudades.org\/pt-br\/wp-json\/wp\/v2\/pages\/2290","targetHints":{"allow":["GET"]}}],"collection":[{"href":"https:\/\/sursurmercociudades.org\/pt-br\/wp-json\/wp\/v2\/pages"}],"about":[{"href":"https:\/\/sursurmercociudades.org\/pt-br\/wp-json\/wp\/v2\/types\/page"}],"author":[{"embeddable":true,"href":"https:\/\/sursurmercociudades.org\/pt-br\/wp-json\/wp\/v2\/users\/1"}],"replies":[{"embeddable":true,"href":"https:\/\/sursurmercociudades.org\/pt-br\/wp-json\/wp\/v2\/comments?post=2290"}],"version-history":[{"count":14,"href":"https:\/\/sursurmercociudades.org\/pt-br\/wp-json\/wp\/v2\/pages\/2290\/revisions"}],"predecessor-version":[{"id":12540,"href":"https:\/\/sursurmercociudades.org\/pt-br\/wp-json\/wp\/v2\/pages\/2290\/revisions\/12540"}],"wp:attachment":[{"href":"https:\/\/sursurmercociudades.org\/pt-br\/wp-json\/wp\/v2\/media?parent=2290"}],"curies":[{"name":"wp","href":"https:\/\/api.w.org\/{rel}","templated":true}]}}