{"id":2291,"date":"2021-08-10T23:43:01","date_gmt":"2021-08-11T02:43:01","guid":{"rendered":"https:\/\/sursurmercociudades.org\/?page_id=2291"},"modified":"2024-01-04T15:28:33","modified_gmt":"2024-01-04T18:28:33","slug":"capacitacion","status":"publish","type":"page","link":"https:\/\/sursurmercociudades.org\/pt-br\/capacitacion\/","title":{"rendered":"Treinamento"},"content":{"rendered":"  <div id=\"page-header-1775360548\" class=\"page-header-wrapper\">\n  <div class=\"page-title dark featured-title\">\n\n    \n    <div class=\"page-title-inner container align-center flex-row medium-flex-wrap\" >\n              <div class=\"title-wrapper flex-col text-left medium-text-center\">\n          <h1 class=\"entry-title mb-0\">\n            Treinamento          <\/h1>\n        <\/div>\n                    <div class=\"title-content flex-col flex-right text-right medium-text-center\">\n        <div class=\"title-breadcrumbs pb-half pt-half\"><\/div>      <\/div>\n    <\/div>\n\n       <\/div>\n    <\/div>\n  \n<div class=\"row\"  id=\"row-686500629\">\n\n\t<div id=\"col-441305822\" class=\"col medium-3 small-12 large-3\"  >\n\t\t\t\t<div class=\"col-inner\"  >\n\t\t\t\n\t\t\t\n<div class=\"col-inner\">\r\n\r\n<div class=\"ux-menu stack stack-col justify-start ux-menu--divider-solid\">\r\n\r\n<div class=\"ux-menu-link flex menu-item\"><a class=\"ux-menu-link__link flex\" href=\"https:\/\/sursurmercociudades.org\/pt-br\/capacitacao\/\">\r\n<span class=\"ux-menu-link__text\">\r\nCAPACITA\u00c7\u00d5ES<\/span>\r\n<\/a><\/div>\r\n\r\n<div class=\"ux-menu-link flex menu-item\"><a class=\"ux-menu-link__link flex\" href=\"https:\/\/sursurmercociudades.org\/pt-br\/publicaciones\/\">\r\n<span class=\"ux-menu-link__text\">\r\nPUBLICA\u00c7\u00d5ES<\/span>\r\n<\/a><\/div>\r\n\r\n<div class=\"ux-menu-link flex menu-item ux-menu-link--active\"><a class=\"ux-menu-link__link flex\" href=\"https:\/\/sursurmercociudades.org\/mapa-de-proyectos\/\">\r\n<span class=\"ux-menu-link__text\">\r\nMAPA DE PROYECTOS<\/span>\r\n<\/a><\/div>\r\n\r\n<\/div>\r\n<\/div>\n\t\t<\/div>\n\t\t\t\t\t<\/div>\n\n\t\n\n\t<div id=\"col-826391822\" class=\"col medium-6 small-12 large-6\"  >\n\t\t\t\t<div class=\"col-inner\"  >\n\t\t\t\n\t\t\t\n<div class=\"group-left\">\n<div class=\"field field-name-body field-type-text-with-summary field-label-hidden\">\n<div class=\"field-items\">\n<div class=\"field-item even\">\n<p><strong>IN: Inova\u00e7\u00e3o e Coes\u00e3o Social \u00e9 um dos espa\u00e7os de capacita\u00e7\u00e3o<\/strong> do programa de Coopera\u00e7\u00e3o Sul-Sul de Mercocidades, promove a cria\u00e7\u00e3o e implementa\u00e7\u00e3o de projetos regionais, dois por governos locais, organiza\u00e7\u00f5es da sociedade civil e entidades acad\u00eamicas com sede nas cidades da Rede. A cada ano se realiza uma convocat\u00f3ria para ideias de projetos que ao longo da capacita\u00e7\u00e3o alcancem sua formula\u00e7\u00e3o definitiva. Este espa\u00e7o de aprendizado e interc\u00e2mbio oferece todas as ferramentas para planejar, implementar, e avaliar projetos de alta qualidade e impacto na regi\u00e3o. Ao mesmo tempo em que proporciona o conhecimento para obter ferramentas de financiamento e coopera\u00e7\u00e3o locais, nacionais, regionais e internacionais. A capacita\u00e7\u00e3o consta de uma inst\u00e2ncia presencial de uma semana com todos os gastos pagos (exceto passagens a\u00e9reas) e outra virtual que se desenvolve ao longo de tr\u00eas meses.<\/p>\n<p>Desde 2009 IN formou mais de 300 participantes de Argentina, Bol\u00edvia, Brasil, Chile, Col\u00f4mbia, Equador, Paraguai, Peru, Uruguai e Venezuela.<\/p>\n<p>Esta iniciativa de Mercocidades come\u00e7ou a ser implementada em 2009 com o financiamento da Uni\u00e3o Europeia e o apoio das seguintes organiza\u00e7\u00f5es e institui\u00e7\u00f5es, Intend\u00eancia de Montevid\u00e9u, Funda\u00e7\u00e3o Tiau (da Argentina), Racine (da Fran\u00e7a) e Iheal Local (da Fran\u00e7a).\u00a0<a href=\"https:\/\/sursurmercociudades.org\/pt-br\/featured_item\/in-proyectando-integracion\/\">Acesse ao relat\u00f3rio de gest\u00e3o desta etapa do projeto.<\/a><\/p>\n<p>Em 2012 Mercocidades, por resolu\u00e7\u00e3o de seu Conselho, decidiu dar continuidade ao processo de capacita\u00e7\u00e3o. Passando a ser financiado em sua totalidade pela Rede, com o apoio de diversos governos locais, que se oferecem como sedes das capacita\u00e7\u00f5es presenciais, conservando-se um escrit\u00f3rio do projeto com o apoio da Intend\u00eancia de Montevid\u00e9u. Atualmente (a partir do 10\u00ba treinamento), a iniciativa se realiza subordinada ao Programa de Coopera\u00e7\u00e3o Sul-Sul de Mercocidades.<\/p>\n<\/div>\n<\/div>\n<\/div>\n<\/div>\n\t\t<\/div>\n\t\t\t\t\n<style>\n#col-826391822 > .col-inner {\n  padding: 10px 0px 0px 0px;\n}\n<\/style>\n\t<\/div>\n\n\t\n\n\t<div id=\"col-584483896\" class=\"col medium-3 small-12 large-3\"  >\n\t\t\t\t<div class=\"col-inner\"  >\n\t\t\t\n\t\t\t\n\t<div class=\"img has-hover x md-x lg-x y md-y lg-y\" id=\"image_1242786461\">\n\t\t\t\t\t\t\t\t<div class=\"img-inner dark\" >\n\t\t\t<img loading=\"lazy\" decoding=\"async\" width=\"480\" height=\"215\" src=\"https:\/\/sursurmercociudades.org\/wp-content\/uploads\/2021\/07\/Seminario-Final_durante-16-Cumbre-de-Mercociudades_Montevideo2011_1.jpg\" class=\"attachment-large size-large\" alt=\"\" \/>\t\t\t\t\t\t\n\t\t\t\t\t<\/div>\n\t\t\t\t\t\t\t\t\n<style>\n#image_1242786461 {\n  width: 100%;\n}\n<\/style>\n\t<\/div>\n\t\n\t<div class=\"img has-hover x md-x lg-x y md-y lg-y\" id=\"image_496846219\">\n\t\t\t\t\t\t\t\t<div class=\"img-inner dark\" >\n\t\t\t<img loading=\"lazy\" decoding=\"async\" width=\"480\" height=\"320\" src=\"https:\/\/sursurmercociudades.org\/wp-content\/uploads\/2021\/07\/todos-juntos_certificados_1.jpg\" class=\"attachment-large size-large\" alt=\"\" \/>\t\t\t\t\t\t\n\t\t\t\t\t<\/div>\n\t\t\t\t\t\t\t\t\n<style>\n#image_496846219 {\n  width: 100%;\n}\n<\/style>\n\t<\/div>\n\t\n\t<div class=\"img has-hover x md-x lg-x y md-y lg-y\" id=\"image_1211676753\">\n\t\t\t\t\t\t\t\t<div class=\"img-inner dark\" >\n\t\t\t<img loading=\"lazy\" decoding=\"async\" width=\"770\" height=\"391\" src=\"https:\/\/sursurmercociudades.org\/wp-content\/uploads\/2021\/07\/Captura8.png\" class=\"attachment-original size-original\" alt=\"\" srcset=\"https:\/\/sursurmercociudades.org\/wp-content\/uploads\/2021\/07\/Captura8.png 770w, https:\/\/sursurmercociudades.org\/wp-content\/uploads\/2021\/07\/Captura8-768x390.png 768w\" sizes=\"auto, (max-width: 770px) 100vw, 770px\" \/>\t\t\t\t\t\t\n\t\t\t\t\t<\/div>\n\t\t\t\t\t\t\t\t\n<style>\n#image_1211676753 {\n  width: 100%;\n}\n<\/style>\n\t<\/div>\n\t\n\t\t<\/div>\n\t\t\t\t\n<style>\n#col-584483896 > .col-inner {\n  padding: 15px 0px 0px 0px;\n}\n<\/style>\n\t<\/div>\n\n\t\n<\/div>\n","protected":false},"excerpt":{"rendered":"","protected":false},"author":1,"featured_media":0,"parent":0,"menu_order":0,"comment_status":"closed","ping_status":"closed","template":"page-blank.php","meta":{"footnotes":""},"class_list":["post-2291","page","type-page","status-publish","hentry"],"_links":{"self":[{"href":"https:\/\/sursurmercociudades.org\/pt-br\/wp-json\/wp\/v2\/pages\/2291","targetHints":{"allow":["GET"]}}],"collection":[{"href":"https:\/\/sursurmercociudades.org\/pt-br\/wp-json\/wp\/v2\/pages"}],"about":[{"href":"https:\/\/sursurmercociudades.org\/pt-br\/wp-json\/wp\/v2\/types\/page"}],"author":[{"embeddable":true,"href":"https:\/\/sursurmercociudades.org\/pt-br\/wp-json\/wp\/v2\/users\/1"}],"replies":[{"embeddable":true,"href":"https:\/\/sursurmercociudades.org\/pt-br\/wp-json\/wp\/v2\/comments?post=2291"}],"version-history":[{"count":8,"href":"https:\/\/sursurmercociudades.org\/pt-br\/wp-json\/wp\/v2\/pages\/2291\/revisions"}],"predecessor-version":[{"id":9253,"href":"https:\/\/sursurmercociudades.org\/pt-br\/wp-json\/wp\/v2\/pages\/2291\/revisions\/9253"}],"wp:attachment":[{"href":"https:\/\/sursurmercociudades.org\/pt-br\/wp-json\/wp\/v2\/media?parent=2291"}],"curies":[{"name":"wp","href":"https:\/\/api.w.org\/{rel}","templated":true}]}}