{"id":2292,"date":"2021-08-10T23:43:03","date_gmt":"2021-08-11T02:43:03","guid":{"rendered":"https:\/\/sursurmercociudades.org\/?page_id=2292"},"modified":"2025-12-16T14:07:38","modified_gmt":"2025-12-16T17:07:38","slug":"transparencia","status":"publish","type":"page","link":"https:\/\/sursurmercociudades.org\/pt-br\/transparencia\/","title":{"rendered":"Transpar\u00eancia"},"content":{"rendered":"\r\n  <div id=\"page-header-1884018807\" class=\"page-header-wrapper\">\n  <div class=\"page-title dark featured-title\">\n\n    \n    <div class=\"page-title-inner container align-center flex-row medium-flex-wrap\" >\n              <div class=\"title-wrapper flex-col text-left medium-text-center\">\n          <h1 class=\"entry-title mb-0\">\n            Transpar\u00eancia          <\/h1>\n        <\/div>\n                    <div class=\"title-content flex-col flex-right text-right medium-text-center\">\n        <div class=\"title-breadcrumbs pb-half pt-half\"><\/div>      <\/div>\n    <\/div>\n\n       <\/div>\n    <\/div>\n   <div class=\"row\"  id=\"row-1843473073\"> \n\t<div id=\"col-1815126613\" class=\"col medium-3 small-12 large-3\"  >\n\t\t\t\t<div class=\"col-inner\"  >\n\t\t\t\n\t\t\t \t<div class=\"ux-menu stack stack-col justify-start ux-menu--divider-solid\">\n\t\t \t<div class=\"ux-menu-link flex menu-item\">\n\t\t<a class=\"ux-menu-link__link flex\" href=\"https:\/\/sursurmercociudades.org\/informes\/\" >\n\t\t\t\t\t\t<span class=\"ux-menu-link__text\">\n\t\t\t\tRELAT\u00d3RIOS\t\t\t<\/span>\n\t\t<\/a>\n\t<\/div>\n\t \t<div class=\"ux-menu-link flex menu-item\">\n\t\t<a class=\"ux-menu-link__link flex\" href=\"https:\/\/sursurmercociudades.org\/proyectos-cofinanciados\/\" >\n\t\t\t\t\t\t<span class=\"ux-menu-link__text\">\n\t\t\t\tPROYECTOS CO-FINANCIADOS\t\t\t<\/span>\n\t\t<\/a>\n\t<\/div>\n\t \t<div class=\"ux-menu-link flex menu-item\">\n\t\t<a class=\"ux-menu-link__link flex\" href=\"https:\/\/sursurmercociudades.org\/mapa-de-proyectos\/\" >\n\t\t\t\t\t\t<span class=\"ux-menu-link__text\">\n\t\t\t\tMAPA DE PROYECTOS\t\t\t<\/span>\n\t\t<\/a>\n\t<\/div>\n\t \t<\/div>\n\t \t\t<\/div>\n\t\t\t\t\t<\/div>\n\n\t \n\t<div id=\"col-1772322131\" class=\"col medium-9 small-12 large-9\"  >\n\t\t\t\t<div class=\"col-inner\"  >\n\t\t\t\n\t\t\t <div class=\"row\"  id=\"row-1299396058\"> \n\t<div id=\"col-545509432\" class=\"col small-12 large-12\"  >\n\t\t\t\t<div class=\"col-inner text-center\"  >\n\t\t\t\n\t\t\t \t<div id=\"text-3548949215\" class=\"text\">\n\t\t\r\n<p class=\"rtejustify\">Este espa\u00e7o est\u00e1 destinado \u00e0 presta\u00e7\u00e3o p\u00fablica de processos, atividades e contas do Programa de Coopera\u00e7\u00e3o Sul-Sul de Mercocidades, que entre suas linhas de trabalho atuais inclui uma convocat\u00f3ria anual para o financiamento de projetos de coopera\u00e7\u00e3o Sul-Sul e uma capacita\u00e7\u00e3o anual para a formula\u00e7\u00e3o de projetos regionais.<\/p>\r\n<p><img loading=\"lazy\" decoding=\"async\" class=\"size-full wp-image-1047 aligncenter\" src=\"https:\/\/sursurmercociudades.org\/wp-content\/uploads\/2021\/07\/referencia-1.jpg\" alt=\"\" width=\"480\" height=\"270\" \/><\/p>\r\n<p class=\"rtejustify\">Ambas as linhas de a\u00e7\u00e3o convidam a participar de forma direta ou indireta a representantes de governos locais, de segundo n\u00edvel de governo, de organiza\u00e7\u00f5es da sociedade civil, e de institui\u00e7\u00f5es acad\u00eamicas situadas nas mais de\u00a0<a href=\"https:\/\/mercociudades.org\/ciudades-miembro\/\">300\u00a0cidades da Am\u00e9rica do Sul<\/a>\u00a0que formam a Rede.<\/p>\r\n<p><strong>Colaboradores<\/strong><\/p>\r\n<p>As linhas de a\u00e7\u00e3o do programa s\u00e3o organizadas e conduzidas pela Rede Mercocidades, representada pelas cidades que integram o Conselho da Rede, sua Comiss\u00e3o Diretiva e sua Dire\u00e7\u00e3o Executiva.<\/p>\r\n<p>Em ambas as convocat\u00f3rias anuais participam como patrocinadoras, colaboradoras, e em ocasi\u00f5es como co-organizadoras, v\u00e1rias entidades locais, nacionais e internacionais; governamentais, da sociedade civil, acad\u00eamicas, assim como organismos de financiamento. Listam-se algumas a continua\u00e7\u00e3o:<\/p>\r\n<p>Na linha de capacita\u00e7\u00e3o:<\/p>\r\n<p><a href=\"https:\/\/europa.eu\/european-union\/index_es\">Uni\u00e3o Europeia<\/a><br \/><a href=\"https:\/\/grupomontevideo.org\/sitio\/\">Associa\u00e7\u00e3o de Universidades Grupo Montevid\u00e9u<\/a><br \/><a href=\"https:\/\/segib.org\/\">Secretaria-Geral Ibero-Americana\u00a0<\/a>(SEGIB)<br \/><a href=\"https:\/\/ismercosur.org\/\">Instituto Social do MERCOSUL<\/a><br \/><a href=\"https:\/\/ismercosur.org\/\">Uni\u00e3o das Cidades Capitais Ibero-Americanas<\/a>\u00a0(UCCI)<br \/><a href=\"https:\/\/cglu.org\/\">Cidades e Governos Locais Unidos<\/a>\u00a0(CGLU)<br \/><a href=\"https:\/\/www.apccolombia.gov.co\/\">Ag\u00eancia Presidencial de Coopera\u00e7\u00e3o Internacional da Col\u00f4mbia<\/a> (APC)<br \/>Governos locais que foram sede das forma\u00e7\u00f5es presenciais (Montevid\u00e9u \u2013 Barquisimeto \u2013 Belo Horizonte \u2013 Ros\u00e1rio \u2013 Assun\u00e7\u00e3o \u2013 Posadas \u2013 Porto Alegre \u2013 Contagem &#8211; Santa Fe &#8211; La Paz &#8211; Esteban Echeverr\u00eda &#8211; Foz do Igua\u00e7\u00fa &#8211; Niter\u00f3i &#8211; Bogot\u00e1)<\/p>\r\n<p>Na linha de financiamento:<\/p>\r\n<p>Agencia Uruguaya de Cooperaci\u00f3n Internacional (AUCI) <a href=\"https:\/\/mercociudades.org\/descarga\/adenda-al-acuerdo-de-colaboracion-entre-mercociudades-y-auci\/#\">ap\u00eandice acordo 2024<\/a> \/ <a href=\"https:\/\/mercociudades.org\/descarga\/acuerdo-de-colaboracion-entre-mercociudades-y-auci-2024\/\">acordo 2024<\/a> \/ <strong><a href=\"https:\/\/www.sursurmercociudades.org\/sursur\/sites\/default\/files\/acuerdo_AUCI_2019.pdf\">acordo 2019<\/a>\u00a0\/\u00a0<a href=\"https:\/\/www.sursurmercociudades.org\/sursur\/sites\/default\/files\/acuerdo-mercociudades-AUCI-10agosto2017.pdf\">acordo 2017<\/a><\/strong><br \/>Banco Interamericano de Desenvolvimento (BID)<br \/>Observat\u00f3rio de Coopera\u00e7\u00e3o Descentralizada Uni\u00e3o Europeia \u2013 Am\u00e9rica Latina<br \/>Associa\u00e7\u00e3o de Universidades Grupo Montevid\u00e9u\u00a0<a href=\"https:\/\/grupomontevideo.org\/sitio\/\">(AUGM)<\/a><br \/><a href=\"https:\/\/ismercosur.org\/\">Uni\u00e3o das Cidades Capitais Ibero-Americanas<\/a>\u00a0(UCCI)<\/p>\r\n<p>Se sua institui\u00e7\u00e3o deseja colaborar\u00a0como patrocinador, co-organizador, e\/ou colaborador em geral\u00a0<a href=\"https:\/\/sursurmercociudades.org\/pt-br\/como-colaborar\/\"><strong>click aqui<\/strong><\/a>.<\/p>\r\n<p><strong>Requisitos obrigat\u00f3rios de transpar\u00eancia<\/strong><\/p>\r\n<p>&#8211; Difus\u00e3o p\u00fablica das convocat\u00f3rias (com as condi\u00e7\u00f5es de participa\u00e7\u00e3o, os crit\u00e9rios de avalia\u00e7\u00e3o, as entidades sociais, os integrantes dos Comit\u00eas de Avalia\u00e7\u00e3o, as datas da convocat\u00f3ria -abertura, encerramento, difus\u00e3o de quantidade de postula\u00e7\u00f5es e sele\u00e7\u00e3o final).<\/p>\r\n<p>&#8211; Difus\u00e3o p\u00fablica das datas internas de cada convocat\u00f3ria, per\u00edodos de entrega, datas de cursos presenciais e virtuais, etc.<\/p>\r\n<p>&#8211; Relat\u00f3rios de presta\u00e7\u00e3o (de processos, atividades e contas).<\/p>\r\n<p>Acesse ao <a href=\"https:\/\/sursurmercociudades.org\/wp-content\/uploads\/2025\/05\/Reglamento_ComiteGestion_Programa_SurSur2017.pdf\">regulamento do\u00a0Comit\u00ea de Gest\u00e3o do Programa<\/a>.<\/p>\r\n\t\t\n<style>\n#text-3548949215 {\n  text-align: left;\n}\n<\/style>\n\t<\/div>\n\t \t\t<\/div>\n\t\t\t\t\t<\/div>\n\n\t <\/div> \t\t<\/div>\n\t\t\t\t\t<\/div>\n\n\t \n<style>\n#row-1843473073 > .col > .col-inner {\n  padding: 10px 0px 0px 0px;\n}\n<\/style>\n<\/div>\r\n","protected":false},"excerpt":{"rendered":"","protected":false},"author":1,"featured_media":0,"parent":0,"menu_order":0,"comment_status":"closed","ping_status":"closed","template":"page-blank.php","meta":{"footnotes":""},"class_list":["post-2292","page","type-page","status-publish","hentry"],"_links":{"self":[{"href":"https:\/\/sursurmercociudades.org\/pt-br\/wp-json\/wp\/v2\/pages\/2292","targetHints":{"allow":["GET"]}}],"collection":[{"href":"https:\/\/sursurmercociudades.org\/pt-br\/wp-json\/wp\/v2\/pages"}],"about":[{"href":"https:\/\/sursurmercociudades.org\/pt-br\/wp-json\/wp\/v2\/types\/page"}],"author":[{"embeddable":true,"href":"https:\/\/sursurmercociudades.org\/pt-br\/wp-json\/wp\/v2\/users\/1"}],"replies":[{"embeddable":true,"href":"https:\/\/sursurmercociudades.org\/pt-br\/wp-json\/wp\/v2\/comments?post=2292"}],"version-history":[{"count":15,"href":"https:\/\/sursurmercociudades.org\/pt-br\/wp-json\/wp\/v2\/pages\/2292\/revisions"}],"predecessor-version":[{"id":13666,"href":"https:\/\/sursurmercociudades.org\/pt-br\/wp-json\/wp\/v2\/pages\/2292\/revisions\/13666"}],"wp:attachment":[{"href":"https:\/\/sursurmercociudades.org\/pt-br\/wp-json\/wp\/v2\/media?parent=2292"}],"curies":[{"name":"wp","href":"https:\/\/api.w.org\/{rel}","templated":true}]}}