{"id":2503,"date":"2021-08-31T19:57:11","date_gmt":"2021-08-31T22:57:11","guid":{"rendered":"https:\/\/sursurmercociudades.org\/?page_id=2503"},"modified":"2022-01-25T15:51:05","modified_gmt":"2022-01-25T18:51:05","slug":"como-participar","status":"publish","type":"page","link":"https:\/\/sursurmercociudades.org\/pt-br\/como-participar\/","title":{"rendered":"\u00bfC\u00f3mo participar?"},"content":{"rendered":"  <div id=\"page-header-413576958\" class=\"page-header-wrapper\">\n  <div class=\"page-title dark featured-title\">\n\n    \n    <div class=\"page-title-inner container align-center flex-row medium-flex-wrap\" >\n              <div class=\"title-wrapper flex-col text-left medium-text-center\">\n          <h1 class=\"entry-title mb-0\">\n            \u00bfC\u00f3mo participar?          <\/h1>\n        <\/div>\n                    <div class=\"title-content flex-col flex-right text-right medium-text-center\">\n        <div class=\"title-breadcrumbs pb-half pt-half\"><\/div>      <\/div>\n    <\/div>\n\n     \n<style>\n#page-header-413576958 {\n  margin-bottom: 29px;\n}\n<\/style>\n  <\/div>\n    <\/div>\n  \n<div class=\"row\"  id=\"row-1301497377\">\n\n\t<div id=\"col-854489398\" class=\"col small-12 large-12\"  >\n\t\t\t\t<div class=\"col-inner\"  >\n\t\t\t\n\t\t\t\n<div class=\"group-left\">\n<div class=\"field field-name-body field-type-text-with-summary field-label-hidden\">\n<div class=\"field-items\">\n<div class=\"field-item even\">\n<div class=\"group-left\">\n<div class=\"field field-name-body field-type-text-with-summary field-label-hidden\">\n<div class=\"field-items\">\n<div class=\"field-item even\">\n<p class=\"rtejustify\">O <strong>Programa de Coopera\u00e7\u00e3o Sul-Sul de Mercocidades<\/strong> tem por objetivos promover, visibilizar, formalizar e sistematizar a\u00e7\u00f5es de coopera\u00e7\u00e3o e interc\u00e2mbio entre governos locais de Mercocidades e terceiros.<\/p>\n<p class=\"rtejustify\">Atualmente oferece tr\u00eas espa\u00e7os de participa\u00e7\u00e3o, a Governos locais, institui\u00e7\u00f5es acad\u00eamicas e organiza\u00e7oes sociais, que desejem aceder aos benef\u00edcios do programa:<\/p>\n<p class=\"rtejustify\">A <a href=\"https:\/\/sursurmercociudades.org\/pt-br\/convocatoria-sur-sur\/\"><strong>Convocat\u00f3ria Sul-Sul<\/strong><\/a> convida a apresentar projetos para aceder ao financiamento nas seguintes modalidades:<\/p>\n<p class=\"rtejustify\">Assist\u00eancia T\u00e9cnica<br \/>\nInterc\u00e2mbio de expertas\/os e de funcion\u00e1rias\/os<br \/>\nEst\u00e1gios<br \/>\nF\u00f3runs\/Semin\u00e1rios\/Oficinas<br \/>\nCapacita\u00e7\u00e3o de Recursos Humanos<br \/>\nElabora\u00e7\u00e3o de produtos de difus\u00e3o e visibilidade<\/p>\n<p class=\"rtejustify\">E o <a href=\"https:\/\/sursurmercociudades.org\/pt-br\/capacitacion\/\"><strong>Espa\u00e7o de Capacita\u00e7\u00e3o;<\/strong><\/a><\/p>\n<p>em formula\u00e7\u00e3o de projetos, com todas as ferramentas para desenhar, implementar e avaliar iniciativas de alta qualidade e impacto na regi\u00e3o, e conhecimento sobre ferramentas de financiamento e coopera\u00e7\u00e3o;<\/p>\n<p class=\"rtejustify\">e para o desenvolvimento de estrat\u00e9gias locais de resili\u00eancia, com o apoio da rede mundial Resilient Cities Network.<\/p>\n<p>Nos dois espa\u00e7os as melhores iniciativas resultantes dos processos de forma\u00e7\u00e3o acedem a interc\u00e2mbios e assessoria t\u00e9cnica de cidades l\u00edderes nos eixos tem\u00e1ticos abordados nas capacita\u00e7\u00f5es.<\/p>\n<\/div>\n<\/div>\n<\/div>\n<\/div>\n<\/div>\n<\/div>\n<\/div>\n<\/div>\n\t\t<\/div>\n\t\t\t\t\t<\/div>\n\n\t\n<\/div>\n","protected":false},"excerpt":{"rendered":"","protected":false},"author":804,"featured_media":0,"parent":0,"menu_order":0,"comment_status":"closed","ping_status":"closed","template":"page-blank.php","meta":{"footnotes":""},"class_list":["post-2503","page","type-page","status-publish","hentry"],"_links":{"self":[{"href":"https:\/\/sursurmercociudades.org\/pt-br\/wp-json\/wp\/v2\/pages\/2503","targetHints":{"allow":["GET"]}}],"collection":[{"href":"https:\/\/sursurmercociudades.org\/pt-br\/wp-json\/wp\/v2\/pages"}],"about":[{"href":"https:\/\/sursurmercociudades.org\/pt-br\/wp-json\/wp\/v2\/types\/page"}],"author":[{"embeddable":true,"href":"https:\/\/sursurmercociudades.org\/pt-br\/wp-json\/wp\/v2\/users\/804"}],"replies":[{"embeddable":true,"href":"https:\/\/sursurmercociudades.org\/pt-br\/wp-json\/wp\/v2\/comments?post=2503"}],"version-history":[{"count":5,"href":"https:\/\/sursurmercociudades.org\/pt-br\/wp-json\/wp\/v2\/pages\/2503\/revisions"}],"predecessor-version":[{"id":4753,"href":"https:\/\/sursurmercociudades.org\/pt-br\/wp-json\/wp\/v2\/pages\/2503\/revisions\/4753"}],"wp:attachment":[{"href":"https:\/\/sursurmercociudades.org\/pt-br\/wp-json\/wp\/v2\/media?parent=2503"}],"curies":[{"name":"wp","href":"https:\/\/api.w.org\/{rel}","templated":true}]}}