{"id":2507,"date":"2021-08-31T22:22:03","date_gmt":"2021-09-01T01:22:03","guid":{"rendered":"https:\/\/sursurmercociudades.org\/?page_id=2507"},"modified":"2021-09-02T05:36:46","modified_gmt":"2021-09-02T08:36:46","slug":"mapa-de-proyectos","status":"publish","type":"page","link":"https:\/\/sursurmercociudades.org\/pt-br\/mapa-de-proyectos\/","title":{"rendered":"Mapa de proyectos"},"content":{"rendered":"\r\n  <div id=\"page-header-1728776297\" class=\"page-header-wrapper\">\n  <div class=\"page-title dark featured-title\">\n\n    \n    <div class=\"page-title-inner container align-center flex-row medium-flex-wrap\" >\n              <div class=\"title-wrapper flex-col text-left medium-text-center\">\n          <h1 class=\"entry-title mb-0\">\n            Mapa de proyectos          <\/h1>\n        <\/div>\n                    <div class=\"title-content flex-col flex-right text-right medium-text-center\">\n        <div class=\"title-breadcrumbs pb-half pt-half\"><\/div>      <\/div>\n    <\/div>\n\n       <\/div>\n    <\/div>\n   <div class=\"row\"  id=\"row-1266208930\"> \n\t<div id=\"col-2032802150\" class=\"col medium-3 small-12 large-3\"  >\n\t\t\t\t<div class=\"col-inner\"  >\n\t\t\t\n\t\t\t <div class=\"col-inner\">\r\n\r\n<div class=\"ux-menu stack stack-col justify-start ux-menu--divider-solid\">\r\n\r\n<div class=\"ux-menu-link flex menu-item\"><a class=\"ux-menu-link__link flex\" href=\"https:\/\/sursurmercociudades.org\/pt-br\/capacitacao\/\">\r\n<span class=\"ux-menu-link__text\">\r\nCAPACITA\u00c7\u00d5ES<\/span>\r\n<\/a><\/div>\r\n\r\n<div class=\"ux-menu-link flex menu-item\"><a class=\"ux-menu-link__link flex\" href=\"https:\/\/sursurmercociudades.org\/pt-br\/publicaciones\/\">\r\n<span class=\"ux-menu-link__text\">\r\nPUBLICA\u00c7\u00d5ES<\/span>\r\n<\/a><\/div>\r\n\r\n<div class=\"ux-menu-link flex menu-item ux-menu-link--active\"><a class=\"ux-menu-link__link flex\" href=\"https:\/\/sursurmercociudades.org\/mapa-de-proyectos\/\">\r\n<span class=\"ux-menu-link__text\">\r\nMAPA DE PROYECTOS<\/span>\r\n<\/a><\/div>\r\n\r\n<\/div>\r\n<\/div> \t\t<\/div>\n\t\t\t\t\t<\/div>\n\n\t \n\t<div id=\"col-1897109374\" class=\"col medium-9 small-12 large-9\"  >\n\t\t\t\t<div class=\"col-inner\"  >\n\t\t\t\n\t\t\t\r\n<div class=\"field field-name-body field-type-text-with-summary field-label-hidden\">\r\n<div class=\"field-items\">\r\n<div class=\"field-item even\">\r\n<p>O objectivo do Mapa de Projecto \u00e9 desenvolver e implementar um programa comum de capitaliza\u00e7\u00e3o, comunica\u00e7\u00e3o e valoriza\u00e7\u00e3o de um terreno f\u00e9rtil para projectos inovadores, bem como dar prioridade \u00e0 cria\u00e7\u00e3o de espa\u00e7os de partilha e enriquecimento de experi\u00eancias de gest\u00e3o de projectos no \u00e2mbito do Mercociudades.<\/p>\r\n<p>Atrav\u00e9s do Mapa do Projecto, s\u00e3o transmitidas informa\u00e7\u00f5es e conhecimentos sobre os temas priorizados pela NI e as suas iniciativas, refor\u00e7ando uma cultura de integra\u00e7\u00e3o, promovendo o debate e a dissemina\u00e7\u00e3o entre os actores locais e regionais.<\/p>\r\n<p>Este mapa cont\u00e9m iniciativas de governos locais e organiza\u00e7\u00f5es da sociedade civil da Argentina, Bol\u00edvia, Brasil, Chile, Paraguai, Peru, Uruguai e Venezuela.<\/p>\r\n<p>&nbsp;<\/p>\r\n<\/div>\r\n<\/div>\r\n<\/div>\r\n\t<div id=\"text-2336349881\" class=\"text\">\n\t\t <iframe loading=\"lazy\" src=\"https:\/\/www.google.com\/maps\/d\/embed?mid=1JnG9tf_v5MLlKiLZoHBOal1CMPI\" width=\"640\" height=\"480\"><\/iframe> \t\t\n<style>\n#text-2336349881 {\n  text-align: center;\n}\n<\/style>\n\t<\/div>\n\t \t\t<\/div>\n\t\t\t\t\n<style>\n#col-1897109374 > .col-inner {\n  padding: 10px 0px 0px 0px;\n}\n<\/style>\n\t<\/div>\n\n\t <\/div>\r\n","protected":false},"excerpt":{"rendered":"","protected":false},"author":1,"featured_media":0,"parent":0,"menu_order":0,"comment_status":"closed","ping_status":"closed","template":"page-blank.php","meta":{"footnotes":""},"class_list":["post-2507","page","type-page","status-publish","hentry"],"_links":{"self":[{"href":"https:\/\/sursurmercociudades.org\/pt-br\/wp-json\/wp\/v2\/pages\/2507","targetHints":{"allow":["GET"]}}],"collection":[{"href":"https:\/\/sursurmercociudades.org\/pt-br\/wp-json\/wp\/v2\/pages"}],"about":[{"href":"https:\/\/sursurmercociudades.org\/pt-br\/wp-json\/wp\/v2\/types\/page"}],"author":[{"embeddable":true,"href":"https:\/\/sursurmercociudades.org\/pt-br\/wp-json\/wp\/v2\/users\/1"}],"replies":[{"embeddable":true,"href":"https:\/\/sursurmercociudades.org\/pt-br\/wp-json\/wp\/v2\/comments?post=2507"}],"version-history":[{"count":2,"href":"https:\/\/sursurmercociudades.org\/pt-br\/wp-json\/wp\/v2\/pages\/2507\/revisions"}],"predecessor-version":[{"id":2599,"href":"https:\/\/sursurmercociudades.org\/pt-br\/wp-json\/wp\/v2\/pages\/2507\/revisions\/2599"}],"wp:attachment":[{"href":"https:\/\/sursurmercociudades.org\/pt-br\/wp-json\/wp\/v2\/media?parent=2507"}],"curies":[{"name":"wp","href":"https:\/\/api.w.org\/{rel}","templated":true}]}}