{"id":2509,"date":"2021-07-01T22:20:41","date_gmt":"2021-07-02T01:20:41","guid":{"rendered":"https:\/\/sursurmercociudades.org\/?page_id=2509"},"modified":"2022-01-25T15:53:33","modified_gmt":"2022-01-25T18:53:33","slug":"como-colaborar","status":"publish","type":"page","link":"https:\/\/sursurmercociudades.org\/pt-br\/como-colaborar\/","title":{"rendered":"\u00bfC\u00f3mo colaborar?"},"content":{"rendered":"\r\n  <div id=\"page-header-1494664571\" class=\"page-header-wrapper\">\n  <div class=\"page-title dark featured-title\">\n\n    \n    <div class=\"page-title-inner container align-center flex-row medium-flex-wrap\" >\n              <div class=\"title-wrapper flex-col text-left medium-text-center\">\n          <h1 class=\"entry-title mb-0\">\n            \u00bfC\u00f3mo colaborar?          <\/h1>\n        <\/div>\n                    <div class=\"title-content flex-col flex-right text-right medium-text-center\">\n        <div class=\"title-breadcrumbs pb-half pt-half\"><\/div>      <\/div>\n    <\/div>\n\n     \n<style>\n#page-header-1494664571 {\n  margin-bottom: 29px;\n}\n<\/style>\n  <\/div>\n    <\/div>\n   <div class=\"row\"  id=\"row-385349730\"> \n\t<div id=\"col-1426757149\" class=\"col medium-6 small-12 large-6\"  >\n\t\t\t\t<div class=\"col-inner\"  >\n\t\t\t\n\t\t\t\r\n<p class=\"rtejustify\">O Programa de Coopera\u00e7\u00e3o Sul-Sul de Mercocidades convida a institui\u00e7\u00f5es p\u00fablicas e privadas, locais, nacionais, regionais e internacionais, a colaborar com o programa para apoiar o desenvolvimento de iniciativas que contribuam a elevar a qualidade de vida dos habitantes da regi\u00e3o.<\/p>\r\n<p class=\"rtejustify\">O apoio poder\u00e1 contemplar as seguintes modalidades:<\/p>\r\n<ul>\r\n<li class=\"rtejustify\">Colabora\u00e7\u00e3o financeira<\/li>\r\n<li class=\"rtejustify\">Colabora\u00e7\u00e3o t\u00e9cnica (com expertise e conhecimento sobre uma tem\u00e1tica espec\u00edfica)<\/li>\r\n<li class=\"rtejustify\">Colabora\u00e7\u00e3o financeira e t\u00e9cnica<\/li>\r\n<\/ul>\r\n<p>&nbsp;<\/p>\r\n\t\t<\/div>\n\t\t\t\t\t<\/div>\n\n\t \n\t<div id=\"col-1631621333\" class=\"col medium-6 small-12 large-6\"  >\n\t\t\t\t<div class=\"col-inner\"  >\n\t\t\t\n\t\t\t \t<div class=\"img has-hover x md-x lg-x y md-y lg-y\" id=\"image_355222521\">\n\t\t\t\t\t\t\t\t<div class=\"img-inner dark\" >\n\t\t\t<img loading=\"lazy\" decoding=\"async\" width=\"480\" height=\"270\" src=\"https:\/\/sursurmercociudades.org\/wp-content\/uploads\/2021\/07\/como_colaborar_1.jpg\" class=\"attachment-large size-large\" alt=\"\" \/>\t\t\t\t\t\t\n\t\t\t\t\t<\/div>\n\t\t\t\t\t\t\t\t\n<style>\n#image_355222521 {\n  width: 100%;\n}\n<\/style>\n\t<\/div>\n\t \t\t<\/div>\n\t\t\t\t\t<\/div>\n\n\t \n\t<div id=\"col-1717125484\" class=\"col small-12 large-12\"  >\n\t\t\t\t<div class=\"col-inner\"  >\n\t\t\t\n\t\t\t\t\t<\/div>\n\t\t\t\t\t<\/div>\n\n\t\r\n<p class=\"rtejustify\"><strong>Colabora\u00e7\u00e3o financeira<\/strong><\/p>\r\n<p class=\"rtejustify\">Aquelas institui\u00e7\u00f5es que desejem apoiar o programa com uma contribui\u00e7\u00e3o econ\u00f4mica ou uma doa\u00e7\u00e3o, poder\u00e3o realiz\u00e1-lo mediante a assinatura de um \u201cConv\u00eanio de Colabora\u00e7\u00e3o Financeira\u201d, no qual se detalhar\u00e3o\u00a0todos os termos da colabora\u00e7\u00e3o, assim como os direitos e obriga\u00e7\u00f5es \u00e0s quais se comprometem.<\/p>\r\n<p class=\"rtejustify\">Mercocidades conta com pessoa jur\u00eddica, de Associa\u00e7\u00e3o Civil Internacional, registrada ante o Minist\u00e9rio de Rela\u00e7\u00f5es Exteriores do Uruguai, com sede na cidade de Montevid\u00e9u.<\/p>\r\n<p class=\"rtejustify\">A organiza\u00e7\u00e3o que colabore, poder\u00e1 verificar que sua contribui\u00e7\u00e3o ser\u00e1 ingressada a uma conta banc\u00e1ria dedicada ao Programa de Coopera\u00e7\u00e3o Sul-Sul, que ser\u00e1 administrada e auditada sob a normativa legal vigente.<\/p>\r\n<p class=\"rtejustify\"><a href=\"https:\/\/sursurmercociudades.org\/pt-br\/contacto\/\">Por coment\u00e1rios, propostas e consultas<\/a><\/p>\r\n<p class=\"rtejustify\"><strong>Colabora\u00e7\u00e3o t\u00e9cnica<\/strong><\/p>\r\n<p class=\"rtejustify\">Aquelas institui\u00e7\u00f5es que desejem apoiar o programa, colaborando com conhecimento t\u00e9cnico espec\u00edfico, poder\u00e3o faz\u00ea-lo mediante a assinatura de um \u201cConv\u00eanio de Colabora\u00e7\u00e3o T\u00e9cnica\u201d, no qual se detalhar\u00e3o as possibilidades de colabora\u00e7\u00e3o e participa\u00e7\u00e3o no Programa, podendo designar expertos desta organiza\u00e7\u00f5es para apoiar em diversas inst\u00e2ncias. Tamb\u00e9m se definem os direitos e obriga\u00e7\u00f5es \u00e0s quais se comprometem.<\/p>\r\n<p class=\"rtejustify\"><a href=\"https:\/\/sursurmercociudades.org\/pt-br\/contacto\/\">Por coment\u00e1rios, propostas e consultas<\/a>\u00a0<\/p>\r\n<p class=\"rtejustify\"><strong>Colabora\u00e7\u00e3o financeira e t\u00e9cnica<\/strong><\/p>\r\n<p class=\"rtejustify\">Aquelas institui\u00e7\u00f5es que desejem apoiar o programa com uma colabora\u00e7\u00e3o que articule uma colabora\u00e7\u00e3o financeira e um apoio t\u00e9cnico, al\u00e9m das responsabilidades e obriga\u00e7\u00f5es estabelecidas para cada tipo de colabora\u00e7\u00e3o, ter\u00e3o uma distin\u00e7\u00e3o como s\u00f3cios colaboradores do programa. Isto significa que Mercocidades poder\u00e1 convid\u00e1-los a participar em inst\u00e2ncias de decis\u00e3o do programa e de visibilidade e relev\u00e2ncia para suas a\u00e7\u00f5es.<\/p>\r\n<p class=\"rtejustify\"><a href=\"https:\/\/sursurmercociudades.org\/pt-br\/contacto\/\">Por coment\u00e1rios, propostas e consultas<\/a>\u00a0<\/p>\r\n<p class=\"rtejustify\"><strong>Finalmente para todas as institui\u00e7\u00f5es colaboradoras, Mercocidades dispor\u00e1 de espa\u00e7os de difus\u00e3o e visibilidade, nos quais conste esta colabora\u00e7\u00e3o, segundo se estabele\u00e7a nos conv\u00eanios assinados entre as partes.<br \/><\/strong><\/p>\r\n<\/div> \t<div id=\"gap-1738909408\" class=\"gap-element clearfix\" style=\"display:block; height:auto;\">\n\t\t\n<style>\n#gap-1738909408 {\n  padding-top: 30px;\n}\n<\/style>\n\t<\/div>\n\t <div class=\"row\"  id=\"row-1323215371\"> \n\t<div id=\"col-895658673\" class=\"col small-12 large-12\"  >\n\t\t\t\t<div class=\"col-inner\"  >\n\t\t\t\n\t\t\t <div class=\"container section-title-container titulosbannercolaboradores\" ><h1 class=\"section-title section-title-bold-center\"><b aria-hidden=\"true\"><\/b><span class=\"section-title-main\" style=\"color:rgb(119, 119, 119);\">Instituciones y Organismos que han colaborado a la fecha<\/span><b aria-hidden=\"true\"><\/b><\/h1><\/div> <div class=\"slider-wrapper relative\" id=\"slider-159918887\" >\n    <div class=\"slider slider-nav-simple slider-nav-large slider-nav-dark slider-nav-outside slider-style-normal slider-show-nav\"\n        data-flickity-options='{\n            \"cellAlign\": \"center\",\n            \"imagesLoaded\": true,\n            \"lazyLoad\": 1,\n            \"freeScroll\": true,\n            \"wrapAround\": true,\n            \"autoPlay\": 6000,\n            \"pauseAutoPlayOnHover\" : true,\n            \"prevNextButtons\": true,\n            \"contain\" : true,\n            \"adaptiveHeight\" : true,\n            \"dragThreshold\" : 10,\n            \"percentPosition\": true,\n            \"pageDots\": false,\n            \"rightToLeft\": false,\n            \"draggable\": true,\n            \"selectedAttraction\": 0.1,\n            \"parallax\" : 0,\n            \"friction\": 0.6        }'\n        >\n         <div class=\"ux-logo has-hover align-middle ux_logo inline-block\" style=\"max-width: 100%!important; width: 256.28571428571px!important\"><a class=\"ux-logo-link block image-\" title=\"\" target=\"_blank\" rel=\"noopener\" href=\"https:\/\/www.gub.uy\/agencia-uruguaya-cooperacion-internacional\/\" style=\"padding: 15px;\"><img decoding=\"async\" src=\"https:\/\/sursurmercociudades.org\/wp-content\/uploads\/2021\/07\/AUCI.jpg\" title=\"\" alt=\"\" class=\"ux-logo-image block\" style=\"height:110px;\" \/><\/a><\/div> <div class=\"ux-logo has-hover align-middle ux_logo inline-block\" style=\"max-width: 100%!important; width: 311.04347826087px!important\"><a class=\"ux-logo-link block image-\" title=\"\" target=\"_blank\" rel=\"noopener\" href=\"https:\/\/www.uclg.org\/es\" style=\"padding: 15px;\"><img decoding=\"async\" src=\"https:\/\/sursurmercociudades.org\/wp-content\/uploads\/2021\/07\/cglulogo-esp.png\" title=\"\" alt=\"\" class=\"ux-logo-image block\" style=\"height:120px;\" \/><\/a><\/div> <div class=\"ux-logo has-hover align-middle ux_logo inline-block\" style=\"max-width: 100%!important; width: 155.59670781893px!important\"><a class=\"ux-logo-link block image-\" title=\"\" target=\"_blank\" rel=\"noopener\" href=\"https:\/\/www.alianzacordial.com\/\" style=\"padding: 15px;\"><img decoding=\"async\" src=\"https:\/\/sursurmercociudades.org\/wp-content\/uploads\/2021\/07\/9-e1630997427532.png\" title=\"\" alt=\"\" class=\"ux-logo-image block\" style=\"height:140px;\" \/><\/a><\/div> <div class=\"ux-logo has-hover align-middle ux_logo inline-block\" style=\"max-width: 100%!important; width: 140.83333333333px!important\"><a class=\"ux-logo-link block image-\" title=\"\" target=\"_blank\" rel=\"noopener\" href=\"https:\/\/www.alianzacordial.com\/\" style=\"padding: 15px;\"><img decoding=\"async\" src=\"https:\/\/sursurmercociudades.org\/wp-content\/uploads\/2021\/07\/logo_augm.png\" title=\"\" alt=\"\" class=\"ux-logo-image block\" style=\"height:140px;\" \/><\/a><\/div> <div class=\"ux-logo has-hover align-middle ux_logo inline-block\" style=\"max-width: 100%!important; width: 298.32891246684px!important\"><a class=\"ux-logo-link block image-\" title=\"\" target=\"_blank\" rel=\"noopener\" href=\"https:\/\/www.iadb.org\/es\/\" style=\"padding: 15px;\"><img decoding=\"async\" src=\"https:\/\/sursurmercociudades.org\/wp-content\/uploads\/2021\/07\/logo-BID.png\" title=\"\" alt=\"\" class=\"ux-logo-image block\" style=\"height:120px;\" \/><\/a><\/div> <div class=\"ux-logo has-hover align-middle ux_logo inline-block\" style=\"max-width: 100%!important; width: 330px!important\"><a class=\"ux-logo-link block image-\" title=\"\" target=\"_blank\" rel=\"noopener\" href=\"https:\/\/asociacionivy.org\/\" style=\"padding: 15px;\"><img decoding=\"async\" src=\"https:\/\/sursurmercociudades.org\/wp-content\/uploads\/2021\/07\/Logo-Ivy.png\" title=\"\" alt=\"\" class=\"ux-logo-image block\" style=\"height:120px;\" \/><\/a><\/div> <div class=\"ux-logo has-hover align-middle ux_logo inline-block\" style=\"max-width: 100%!important; width: 252.85714285714px!important\"><a class=\"ux-logo-link block image-\" title=\"\" target=\"_blank\" rel=\"noopener\" href=\"https:\/\/resilientcitiesnetwork.org\/\" style=\"padding: 15px;\"><img decoding=\"async\" src=\"https:\/\/sursurmercociudades.org\/wp-content\/uploads\/2021\/07\/Logo-ResilientCitiesNetwork.png\" title=\"\" alt=\"\" class=\"ux-logo-image block\" style=\"height:120px;\" \/><\/a><\/div> <div class=\"ux-logo has-hover align-middle ux_logo inline-block\" style=\"max-width: 100%!important; width: 292.05882352941px!important\"><a class=\"ux-logo-link block image-\" title=\"\" target=\"_blank\" rel=\"noopener\" href=\"https:\/\/www.segib.org\/\" style=\"padding: 15px;\"><img decoding=\"async\" src=\"https:\/\/sursurmercociudades.org\/wp-content\/uploads\/2021\/07\/segib-2.png\" title=\"\" alt=\"\" class=\"ux-logo-image block\" style=\"height:110px;\" \/><\/a><\/div> <div class=\"ux-logo has-hover align-middle ux_logo inline-block\" style=\"max-width: 100%!important; width: 225.55555555556px!important\"><a class=\"ux-logo-link block image-\" title=\"\" target=\"_blank\" rel=\"noopener\" href=\"https:\/\/ciudadesiberoamericanas.org\/\" style=\"padding: 15px;\"><img decoding=\"async\" src=\"https:\/\/sursurmercociudades.org\/wp-content\/uploads\/2021\/07\/Logo-UCCI.png\" title=\"\" alt=\"\" class=\"ux-logo-image block\" style=\"height:110px;\" \/><\/a><\/div> <div class=\"ux-logo has-hover align-middle ux_logo inline-block\" style=\"max-width: 100%!important; width: 158.28915662651px!important\"><a class=\"ux-logo-link block image-\" title=\"\" target=\"_blank\" rel=\"noopener\" href=\"https:\/\/europa.eu\/european-union\/index_es\" style=\"padding: 15px;\"><img decoding=\"async\" src=\"https:\/\/sursurmercociudades.org\/wp-content\/uploads\/2021\/07\/Union-Europea.png\" title=\"\" alt=\"\" class=\"ux-logo-image block\" style=\"height:110px;\" \/><\/a><\/div>      <\/div>\n\n     <div class=\"loading-spin dark large centered\"><\/div>\n\n\t<\/div>\n\n \t\t<\/div>\n\t\t\t\t\t<\/div>\n\n\t <\/div> \t<div id=\"gap-2015613500\" class=\"gap-element clearfix\" style=\"display:block; height:auto;\">\n\t\t\n<style>\n#gap-2015613500 {\n  padding-top: px30;\n}\n<\/style>\n\t<\/div>\n\t\r\n<p class=\"rtejustify\">Imagen derecha:<a href=\"https:\/\/https\/\/creativecommons.org\/licenses\/by-sa\/2.0\/\">\u00a0Licencia Creative Commons<\/a><\/p>\r\n<p>&nbsp;<\/p>","protected":false},"excerpt":{"rendered":"","protected":false},"author":804,"featured_media":0,"parent":0,"menu_order":0,"comment_status":"closed","ping_status":"closed","template":"page-blank.php","meta":{"footnotes":""},"class_list":["post-2509","page","type-page","status-publish","hentry"],"_links":{"self":[{"href":"https:\/\/sursurmercociudades.org\/pt-br\/wp-json\/wp\/v2\/pages\/2509","targetHints":{"allow":["GET"]}}],"collection":[{"href":"https:\/\/sursurmercociudades.org\/pt-br\/wp-json\/wp\/v2\/pages"}],"about":[{"href":"https:\/\/sursurmercociudades.org\/pt-br\/wp-json\/wp\/v2\/types\/page"}],"author":[{"embeddable":true,"href":"https:\/\/sursurmercociudades.org\/pt-br\/wp-json\/wp\/v2\/users\/804"}],"replies":[{"embeddable":true,"href":"https:\/\/sursurmercociudades.org\/pt-br\/wp-json\/wp\/v2\/comments?post=2509"}],"version-history":[{"count":22,"href":"https:\/\/sursurmercociudades.org\/pt-br\/wp-json\/wp\/v2\/pages\/2509\/revisions"}],"predecessor-version":[{"id":4755,"href":"https:\/\/sursurmercociudades.org\/pt-br\/wp-json\/wp\/v2\/pages\/2509\/revisions\/4755"}],"wp:attachment":[{"href":"https:\/\/sursurmercociudades.org\/pt-br\/wp-json\/wp\/v2\/media?parent=2509"}],"curies":[{"name":"wp","href":"https:\/\/api.w.org\/{rel}","templated":true}]}}