{"id":2604,"date":"2021-09-02T05:57:11","date_gmt":"2021-09-02T08:57:11","guid":{"rendered":"https:\/\/sursurmercociudades.org\/?page_id=2604"},"modified":"2025-12-30T15:37:57","modified_gmt":"2025-12-30T18:37:57","slug":"programa-de-relatorios","status":"publish","type":"page","link":"https:\/\/sursurmercociudades.org\/pt-br\/programa-de-relatorios\/","title":{"rendered":"Programa de Relat\u00f3rios"},"content":{"rendered":"\r\n  <div id=\"page-header-1947646948\" class=\"page-header-wrapper\">\n  <div class=\"page-title dark featured-title\">\n\n    \n    <div class=\"page-title-inner container align-center flex-row medium-flex-wrap\" >\n              <div class=\"title-wrapper flex-col text-left medium-text-center\">\n          <h1 class=\"entry-title mb-0\">\n            Programa de Relat\u00f3rios          <\/h1>\n        <\/div>\n                    <div class=\"title-content flex-col flex-right text-right medium-text-center\">\n        <div class=\"title-breadcrumbs pb-half pt-half\"><\/div>      <\/div>\n    <\/div>\n\n       <\/div>\n    <\/div>\n   <div class=\"row\"  id=\"row-2088010202\"> \n\t<div id=\"col-399867223\" class=\"col medium-3 small-12 large-3\"  >\n\t\t\t\t<div class=\"col-inner\"  >\n\t\t\t\n\t\t\t \t<div class=\"ux-menu stack stack-col justify-start ux-menu--divider-solid\">\n\t\t \t<div class=\"ux-menu-link flex menu-item\">\n\t\t<a class=\"ux-menu-link__link flex\" href=\"https:\/\/sursurmercociudades.org\/informes\/\" >\n\t\t\t\t\t\t<span class=\"ux-menu-link__text\">\n\t\t\t\tINFORMES\t\t\t<\/span>\n\t\t<\/a>\n\t<\/div>\n\t \t<div class=\"ux-menu-link flex menu-item\">\n\t\t<a class=\"ux-menu-link__link flex\" href=\"https:\/\/sursurmercociudades.org\/proyectos-cofinanciados\/\" >\n\t\t\t\t\t\t<span class=\"ux-menu-link__text\">\n\t\t\t\tPROYECTOS CO-FINANCIADOS\t\t\t<\/span>\n\t\t<\/a>\n\t<\/div>\n\t \t<div class=\"ux-menu-link flex menu-item\">\n\t\t<a class=\"ux-menu-link__link flex\" href=\"https:\/\/sursurmercociudades.org\/mapa-de-proyectos\/\" >\n\t\t\t\t\t\t<span class=\"ux-menu-link__text\">\n\t\t\t\tMAPA DE PROYECTOS\t\t\t<\/span>\n\t\t<\/a>\n\t<\/div>\n\t \t<\/div>\n\t \t\t<\/div>\n\t\t\t\t\t<\/div>\n\n\t \n\t<div id=\"col-5646529\" class=\"col medium-9 small-12 large-9\"  >\n\t\t\t\t<div class=\"col-inner\"  >\n\t\t\t\n\t\t\t <div class=\"row\"  id=\"row-174599955\"> \n\t<div id=\"col-91033738\" class=\"col small-12 large-12\"  >\n\t\t\t\t<div class=\"col-inner text-center\"  >\n\t\t\t\n\t\t\t \t<div id=\"text-3307565587\" class=\"text\">\n\t\t\r\n<p class=\"rtejustify\">Neste espa\u00e7o poder\u00e1 aceder aos relat\u00f3rios das forma\u00e7\u00f5es e aos convites \u00e0 apresenta\u00e7\u00e3o de propostas para financiar projectos de coopera\u00e7\u00e3o Sul-Sul.\u00a0Aqui encontrar\u00e1 informa\u00e7\u00f5es sobre as institui\u00e7\u00f5es benefici\u00e1rias, as actividades organizadas, o \u00e2mbito regional dos convites \u00e0 apresenta\u00e7\u00e3o de propostas, a quota de g\u00e9nero, entre outros aspectos relevantes.<\/p>\r\n<p><img loading=\"lazy\" decoding=\"async\" class=\"wp-image-1026 aligncenter\" src=\"https:\/\/sursurmercociudades.org\/wp-content\/uploads\/2021\/07\/informes.jpg\" alt=\"\" width=\"512\" height=\"288\" \/> <br \/><strong>Relat\u00f3rios gerais do programa:<\/strong><\/p>\r\n<p><strong><a href=\"https:\/\/sursurmercociudades.org\/wp-content\/uploads\/2025\/12\/Informe-PCSSM-noviembre-2025.pdf\">Per\u00edodo 2025<\/a><br \/><a href=\"https:\/\/sursurmercociudades.org\/wp-content\/uploads\/2025\/01\/Informe-PCSSM-2024.pdf\">Per\u00edodo 2024<\/a><br \/><a href=\"https:\/\/sursurmercociudades.org\/wp-content\/uploads\/2024\/10\/PCSSM-Informe-2023.pdf\">Per\u00edodo 2023<\/a><br \/><a href=\"https:\/\/sursurmercociudades.org\/wp-content\/uploads\/2024\/01\/Informe-del-PCSSM-2022-1.pdf\">Per\u00edodo 2022<\/a><br \/><a href=\"https:\/\/sursurmercociudades.org\/wp-content\/uploads\/2024\/01\/Informe-del-PCSSM-2021-1.pdf\">Per\u00edodo 2021<\/a><br \/><a href=\"https:\/\/sursurmercociudades.org\/wp-content\/uploads\/2022\/12\/Informe_PCSSM_2020.pdf\">Periodo 2020<\/a><br \/><\/strong><strong><a href=\"https:\/\/sursurmercociudades.org\/wp-content\/uploads\/2022\/12\/Informe_PCSSM_2018-2019.pdf\">Periodo 2018 &#8211; 2019\u00a0<\/a><br \/><a href=\"https:\/\/sursurmercociudades.org\/sursur\/sites\/default\/files\/La%20Cooperaci%C3%B3n%20Sur%20Sur%20en%20mercociudades%20espanol_0.pdf\">Periodo 2017 &#8211; 2019 (publicaci\u00f3n especial)<\/a><\/strong> <br \/><a href=\"https:\/\/sursurmercociudades.org\/sursur\/sites\/default\/files\/Informe%20Programa%20de%20Cooperaci%C3%B3n%20sursur%20de%20Mercociudades-%20julio%202018.pdf\"><strong>Periodo 2017 &#8211; 2018<\/strong><\/a><\/p>\r\n<p class=\"rtejustify\">\t\t\n<style>\n#text-3307565587 {\n  text-align: left;\n}\n<\/style>\n\t<\/div>\n\t \t\t<\/div>\n\t\t\t\t\t<\/div>\n\n\t <\/div> \t\t<\/div>\n\t\t\t\t\t<\/div>\n\n\t \n<style>\n#row-2088010202 > .col > .col-inner {\n  padding: 10px 0px 0px 0px;\n}\n<\/style>\n<\/div>\r\n","protected":false},"excerpt":{"rendered":"","protected":false},"author":804,"featured_media":0,"parent":0,"menu_order":0,"comment_status":"closed","ping_status":"closed","template":"page-blank.php","meta":{"footnotes":""},"class_list":["post-2604","page","type-page","status-publish","hentry"],"_links":{"self":[{"href":"https:\/\/sursurmercociudades.org\/pt-br\/wp-json\/wp\/v2\/pages\/2604","targetHints":{"allow":["GET"]}}],"collection":[{"href":"https:\/\/sursurmercociudades.org\/pt-br\/wp-json\/wp\/v2\/pages"}],"about":[{"href":"https:\/\/sursurmercociudades.org\/pt-br\/wp-json\/wp\/v2\/types\/page"}],"author":[{"embeddable":true,"href":"https:\/\/sursurmercociudades.org\/pt-br\/wp-json\/wp\/v2\/users\/804"}],"replies":[{"embeddable":true,"href":"https:\/\/sursurmercociudades.org\/pt-br\/wp-json\/wp\/v2\/comments?post=2604"}],"version-history":[{"count":8,"href":"https:\/\/sursurmercociudades.org\/pt-br\/wp-json\/wp\/v2\/pages\/2604\/revisions"}],"predecessor-version":[{"id":13689,"href":"https:\/\/sursurmercociudades.org\/pt-br\/wp-json\/wp\/v2\/pages\/2604\/revisions\/13689"}],"wp:attachment":[{"href":"https:\/\/sursurmercociudades.org\/pt-br\/wp-json\/wp\/v2\/media?parent=2604"}],"curies":[{"name":"wp","href":"https:\/\/api.w.org\/{rel}","templated":true}]}}