{"id":3858,"date":"2021-09-30T18:25:59","date_gmt":"2021-09-30T21:25:59","guid":{"rendered":"https:\/\/sursurmercociudades.org\/?page_id=3858"},"modified":"2021-09-30T18:25:59","modified_gmt":"2021-09-30T21:25:59","slug":"perguntas-frequentes","status":"publish","type":"page","link":"https:\/\/sursurmercociudades.org\/pt-br\/perguntas-frequentes\/","title":{"rendered":"Perguntas Frequentes"},"content":{"rendered":"\r\n  <div id=\"page-header-1505046546\" class=\"page-header-wrapper\">\n  <div class=\"page-title dark featured-title\">\n\n    \n    <div class=\"page-title-inner container align-center flex-row medium-flex-wrap\" >\n              <div class=\"title-wrapper flex-col text-left medium-text-center\">\n          <h1 class=\"entry-title mb-0\">\n            Perguntas Frequentes          <\/h1>\n        <\/div>\n                    <div class=\"title-content flex-col flex-right text-right medium-text-center\">\n        <div class=\"title-breadcrumbs pb-half pt-half\"><\/div>      <\/div>\n    <\/div>\n\n       <\/div>\n    <\/div>\n  \r\n\r\n\n\t<section class=\"section\" id=\"section_1812919340\">\n\t\t<div class=\"section-bg fill\" >\n\t\t\t\t\t\t\t\t\t\n\t\t\t\n\n\t\t<\/div>\n\n\t\t\n\n\t\t<div class=\"section-content relative\">\n\t\t\t\r\n\r\n<div class=\"row\"  id=\"row-2124748825\">\r\n\r\n\n\t<div id=\"col-102207165\" class=\"col small-12 large-12\"  >\n\t\t\t\t<div class=\"col-inner\"  >\n\t\t\t\n\t\t\t\r\n\r\n<h5 class=\"uppercase\">\u00bfD\u00f3nde se publican los resultados de las convocatorias?<\/h5>\r\n<p>Los resultados ser\u00e1n publicados en la web del Programa de Cooperaci\u00f3n Sur Sur de Mercociudades sursurmercociudades.org<\/p>\r\n<h5 class=\"uppercase\">\u00bfC\u00f3mo se presenta el aval de las instituciones participantes en una propuesta?<\/h5>\r\n<p>Se debe completar la carta de aval, disponible para su descarga en el formulario web de postulaci\u00f3n. La carta debe ser firmada por la m\u00e1xima autoridad de la instituci\u00f3n participante.<\/p>\r\n<h5 class=\"uppercase\">\u00bfSe puede presentar m\u00e1s de una propuesta por convocatoria?<\/h5>\r\n<p>Se puede presentar una sola propuesta por convocatoria como entidad coordinadora y solo si es un gobierno local y\/o Estado asociado a la Red, aunque se puede participar en calidad de socio en m\u00e1s de una.<\/p>\r\n<h5 class=\"uppercase\">\u00bfLa contraparte de las propuestas debe ser en dinero o puede ser otro tipo de contribuci\u00f3n?<\/h5>\r\n<p>La contraparte podr\u00e1 ser financiera u otro tipo de contribuci\u00f3n (recursos humanos, locaciones, equipamiento, material de oficina, etc.). Como m\u00ednimo cada miembro o entidad deber\u00e1 aportar un 10% de contrapartida.<\/p>\r\n<h5 class=\"uppercase\">\u00bfLas propuestas deben incorporar necesariamente ONG y universidades?<\/h5>\r\n<p>Las propuestas c\u00f3mo m\u00ednimo deben involucrar a dos miembros de Mercociudades. No es necesario incorporar a otros actores del territorio. Puede hacerse, pero no es obligaci\u00f3n.<\/p>\r\n<h5 class=\"uppercase\">\u00bfLas universidades participantes deben ser miembros de AUGM?<\/h5>\r\n<p>S\u00ed, las universidades que se postulen proyectos junto a ciudades miembro de Mercociudades, deber\u00e1n integrar la Asociaci\u00f3n de Universidades Grupo Montevideo (AUGM). Para presentar una propuesta como m\u00ednimo deben participar 2 ciudades y\/o Estados asociados de Mercociudades.<\/p>\r\n<h5 class=\"uppercase\">\u00bfLas propuestas solo se presentan a trav\u00e9s de la sitio web del Programa?<\/h5>\r\n<p>S\u00ed, solo ser\u00e1n aceptadas las propuestas que completen en el formulario en l\u00ednea, disponible en este sitio web.<\/p>\r\n<h5 class=\"uppercase\">\u00bfC\u00f3mo se elige el miembro del jurado que representa a los participantes en el Comit\u00e9 de Selecci\u00f3n?<\/h5>\r\n<p>El jurado se elige por votaci\u00f3n de los participantes Coordinadores de las propuestas que hayan sido catalogadas de elegibles.<\/p>\r\n\r\n\t\t<\/div>\n\t\t\t\t\t<\/div>\n\n\t\r\n\r\n<\/div>\r\n\r\n\t\t<\/div>\n\n\t\t\n<style>\n#section_1812919340 {\n  padding-top: 30px;\n  padding-bottom: 30px;\n}\n<\/style>\n\t<\/section>\n\t\r\n\r\n","protected":false},"excerpt":{"rendered":"","protected":false},"author":1,"featured_media":0,"parent":0,"menu_order":0,"comment_status":"closed","ping_status":"closed","template":"page-blank.php","meta":{"footnotes":""},"class_list":["post-3858","page","type-page","status-publish","hentry"],"_links":{"self":[{"href":"https:\/\/sursurmercociudades.org\/pt-br\/wp-json\/wp\/v2\/pages\/3858","targetHints":{"allow":["GET"]}}],"collection":[{"href":"https:\/\/sursurmercociudades.org\/pt-br\/wp-json\/wp\/v2\/pages"}],"about":[{"href":"https:\/\/sursurmercociudades.org\/pt-br\/wp-json\/wp\/v2\/types\/page"}],"author":[{"embeddable":true,"href":"https:\/\/sursurmercociudades.org\/pt-br\/wp-json\/wp\/v2\/users\/1"}],"replies":[{"embeddable":true,"href":"https:\/\/sursurmercociudades.org\/pt-br\/wp-json\/wp\/v2\/comments?post=3858"}],"version-history":[{"count":1,"href":"https:\/\/sursurmercociudades.org\/pt-br\/wp-json\/wp\/v2\/pages\/3858\/revisions"}],"predecessor-version":[{"id":3859,"href":"https:\/\/sursurmercociudades.org\/pt-br\/wp-json\/wp\/v2\/pages\/3858\/revisions\/3859"}],"wp:attachment":[{"href":"https:\/\/sursurmercociudades.org\/pt-br\/wp-json\/wp\/v2\/media?parent=3858"}],"curies":[{"name":"wp","href":"https:\/\/api.w.org\/{rel}","templated":true}]}}