{"id":4797,"date":"2022-01-26T14:07:42","date_gmt":"2022-01-26T17:07:42","guid":{"rendered":"https:\/\/sursurmercociudades.org\/resiliencia\/"},"modified":"2026-01-13T16:12:33","modified_gmt":"2026-01-13T19:12:33","slug":"resiliencia","status":"publish","type":"page","link":"https:\/\/sursurmercociudades.org\/pt-br\/resiliencia\/","title":{"rendered":"Escola de Resili\u00eancia"},"content":{"rendered":"  <div id=\"page-header-195328437\" class=\"page-header-wrapper\">\n  <div class=\"page-title dark featured-title\">\n\n    \n    <div class=\"page-title-inner container align-center flex-row medium-flex-wrap\" >\n              <div class=\"title-wrapper flex-col text-left medium-text-center\">\n          <h1 class=\"entry-title mb-0\">\n            Escola de Resili\u00eancia          <\/h1>\n        <\/div>\n                    <div class=\"title-content flex-col flex-right text-right medium-text-center\">\n        <div class=\"title-breadcrumbs pb-half pt-half\"><\/div>      <\/div>\n    <\/div>\n\n     \n<style>\n#page-header-195328437 {\n  margin-bottom: 29px;\n}\n<\/style>\n  <\/div>\n    <\/div>\n  \n<div class=\"row\"  id=\"row-1514841058\">\n\n\t<div id=\"col-1584978817\" class=\"col medium-7 small-12 large-7\"  >\n\t\t\t\t<div class=\"col-inner\"  >\n\t\t\t\n\t\t\t\n<p><span style=\"font-weight: 400;\">Em 2021, o Programa de Coopera\u00e7\u00e3o Sul-Sul de Mercocidades incorpora em suas linhas de trabalho a Escola de Resili\u00eancia, que teve sua primeira edi\u00e7\u00e3o em 2017.<\/span><\/p>\n<p>A cria\u00e7\u00e3o da Escola de Resili\u00eancia de Mercociudades responde ao interesse de promover espa\u00e7os de forma\u00e7\u00e3o, articula\u00e7\u00e3o e coopera\u00e7\u00e3o internacional relacionados a novas abordagens para enfrentar os principais desafios das cidades, como a gest\u00e3o de riscos de desastres e a constru\u00e7\u00e3o da resili\u00eancia urbana.<\/p>\n<p><span style=\"font-weight: 400;\">Para isso, em 2017, Mercociudades em colabora\u00e7\u00e3o com a Rede Global de Cidades Resilientes (R-Cities) lan\u00e7am a Escola de Resili\u00eancia. Um espa\u00e7o de treinamento para os governos locais que desejam aprofundar a forma de criar uma pol\u00edtica p\u00fablica de resili\u00eancia urbana que seja capaz de antecipar e mitigar os riscos e vulnerabilidades \u00e0s quais est\u00e1 exposta uma cidade ou um territ\u00f3rio. Levando em considera\u00e7\u00e3o que os governos locais t\u00eam um papel fundamental, pois s\u00e3o eles os que assumem compromissos, definem objetivos, planejam e executam pol\u00edticas p\u00fablicas, programas e investimentos no territ\u00f3rio.\u00a0<\/span><\/p>\n<p><span style=\"font-weight: 400;\">A abordagem de resili\u00eancia adotada pela Mercociudades e pela Rede Global de Cidades Resilientes baseia-se em acordos internacionais na tem\u00e1tica, como o <a href=\"https:\/\/www.unisdr.org\/files\/43291_spanishsendaiframeworkfordisasterri.pdf\">Marco de Sendai para a Redu\u00e7\u00e3o do Risco de Desastres 2015-2030<\/a>, a <a href=\"https:\/\/www.cepal.org\/es\/temas\/agenda-2030-desarrollo-sostenible\/objetivos-desarrollo-sostenible-ods\">Agenda 2030 e seus Objetivos de Desenvolvimento Sustent\u00e1vel<\/a>, o <a href=\"https:\/\/www.un.org\/es\/climatechange\/paris-agreement\">Acordo de Paris sobre Mudan\u00e7as Clim\u00e1ticas<\/a>, a <a href=\"http:\/\/www.acs-aec.org\/index.php?q=es\/disaster-risk-reduction\/la-agenda-de-accion-de-addis-abeba-y-el-caribe#:~:text=La%20Agenda%20de%20Acci%C3%B3n%20de%20Addis%20Abeba%2C%20en%20gran%20medida,Reducci%C3%B3n%20del%20Riesgo%20de%20Desastres.\">Agenda de A\u00e7\u00e3o de Adis Abeba<\/a> sobre Financiamento para o Desenvolvimento e a <a href=\"https:\/\/onuhabitat.org.mx\/index.php\/la-nueva-agenda-urbana-en-espanol\">Nova Agenda Urbana<\/a>. Al\u00e9m disso, a Escola faz parte das a\u00e7\u00f5es que a Mercociudades e as R-Cities promovem dentro da campanha global da ONU, <a href=\"https:\/\/sdgs.un.org\/es\/node\/33805#:~:text=Making%20Cities%20Resilient%202030%20(MCR2030)%20is%20a%20unique%20cross%2D,layers%20of%20government%2C%20and%20building\">Making Cities Resiliente Campaign 2030.\u00a0<\/a><\/span><\/p>\n<p><span style=\"font-weight: 400;\">Na Escola s\u00e3o abordados um conjunto de m\u00f3dulos de treinamento e assessoria destinados a promover o interc\u00e2mbio, a aprendizagem m\u00fatua e acompanhamento aos governos no desenho e implementa\u00e7\u00e3o de estrat\u00e9gias e planos resilientes para o desenvolvimento urbano.\u00a0<\/span><\/p>\n<p><span style=\"font-weight: 400;\">Atualmente, a iniciativa tem as seguintes edi\u00e7\u00f5es:<\/span><\/p>\n<p><span style=\"font-weight: 400;\">.1\u00aa edi\u00e7\u00e3o, 2017: &#8220;Construindo Sociedades Resilientes no \u00c2mbito da Integra\u00e7\u00e3o Regional &#8220;.<br \/>\n<\/span><span style=\"font-weight: 400;\">. 2\u00aa edi\u00e7\u00e3o, 2020: &#8220;Governos locais construindo resili\u00eancia urbana na p\u00f3s-pandemia&#8221;.<br \/>\n<\/span><span style=\"font-weight: 400;\">. 3\u00aa edi\u00e7\u00e3o, 2021: &#8220;Cidades inteligentes face aos desafios do futuro&#8221;.<br \/>\n. 4\u00aa edi\u00e7\u00e3o, 2022: &#8220;Educa\u00e7\u00e3o inclusiva e criativa para a resili\u00eancia urbana&#8221;, Villa Mar\u00eda (C\u00f3rdoba), Argentina.<br \/>\n. 5\u00aa edi\u00e7\u00e3o, 2022: &#8220;Gest\u00e3o da \u00e1gua e recursos h\u00eddricos&#8221;, Departamento de Canelones, Uruguai.<br \/>\n. 6\u00aa edi\u00e7\u00e3o, 2023: \u201cGest\u00e3o da \u00e1gua e recursos h\u00eddricos\u201d, Departamento de San Jos\u00e9, Uruguai.<br \/>\n. 7\u00aa edi\u00e7\u00e3o, 2024: \u201cTransi\u00e7\u00e3o energ\u00e9tica e infraestrutura urbana para cidades resilientes\u201d, Esteban Echeverr\u00eda, Argentina.<br \/>\n. 8\u00aa edi\u00e7\u00e3o, 2025: \u201cInfraestruturas para a constru\u00e7\u00e3o de cidades cuidadoras, seguras e resilientes\u201d, Niter\u00f3i, Brasil.<\/span><\/p>\n\t\t<\/div>\n\t\t\t\t\t<\/div>\n\n\t\n\n\t<div id=\"col-1967609062\" class=\"col medium-5 small-12 large-5\"  >\n\t\t\t\t<div class=\"col-inner\"  >\n\t\t\t\n\t\t\t\n\t<div class=\"img has-hover x md-x lg-x y md-y lg-y\" id=\"image_2053799548\">\n\t\t\t\t\t\t\t\t<div class=\"img-inner dark\" >\n\t\t\t<img loading=\"lazy\" decoding=\"async\" width=\"1020\" height=\"680\" src=\"https:\/\/sursurmercociudades.org\/wp-content\/uploads\/2021\/07\/escuela-de-resiliencia_2017-1200x800.jpg\" class=\"attachment-large size-large\" alt=\"\" srcset=\"https:\/\/sursurmercociudades.org\/wp-content\/uploads\/2021\/07\/escuela-de-resiliencia_2017-1200x800.jpg 1200w, https:\/\/sursurmercociudades.org\/wp-content\/uploads\/2021\/07\/escuela-de-resiliencia_2017-600x400.jpg 600w, https:\/\/sursurmercociudades.org\/wp-content\/uploads\/2021\/07\/escuela-de-resiliencia_2017-768x512.jpg 768w, https:\/\/sursurmercociudades.org\/wp-content\/uploads\/2021\/07\/escuela-de-resiliencia_2017.jpg 1500w\" sizes=\"auto, (max-width: 1020px) 100vw, 1020px\" \/>\t\t\t\t\t\t\n\t\t\t\t\t<\/div>\n\t\t\t\t\t\t\t\t\n<style>\n#image_2053799548 {\n  width: 100%;\n}\n<\/style>\n\t<\/div>\n\t\n\t<div class=\"img has-hover x md-x lg-x y md-y lg-y\" id=\"image_2016912895\">\n\t\t\t\t\t\t\t\t<div class=\"img-inner dark\" >\n\t\t\t<img loading=\"lazy\" decoding=\"async\" width=\"1020\" height=\"680\" src=\"https:\/\/sursurmercociudades.org\/wp-content\/uploads\/2021\/07\/escuela-de-resiliencia_2017_SantaFe-1200x800.jpg\" class=\"attachment-large size-large\" alt=\"\" srcset=\"https:\/\/sursurmercociudades.org\/wp-content\/uploads\/2021\/07\/escuela-de-resiliencia_2017_SantaFe-1200x800.jpg 1200w, https:\/\/sursurmercociudades.org\/wp-content\/uploads\/2021\/07\/escuela-de-resiliencia_2017_SantaFe-600x400.jpg 600w, https:\/\/sursurmercociudades.org\/wp-content\/uploads\/2021\/07\/escuela-de-resiliencia_2017_SantaFe-768x512.jpg 768w, https:\/\/sursurmercociudades.org\/wp-content\/uploads\/2021\/07\/escuela-de-resiliencia_2017_SantaFe.jpg 1500w\" sizes=\"auto, (max-width: 1020px) 100vw, 1020px\" \/>\t\t\t\t\t\t\n\t\t\t\t\t<\/div>\n\t\t\t\t\t\t\t\t\n<style>\n#image_2016912895 {\n  width: 100%;\n}\n<\/style>\n\t<\/div>\n\t\n\t\t<\/div>\n\t\t\t\t\t<\/div>\n\n\t\n<\/div>\n","protected":false},"excerpt":{"rendered":"","protected":false},"author":804,"featured_media":0,"parent":0,"menu_order":0,"comment_status":"closed","ping_status":"closed","template":"page-blank.php","meta":{"footnotes":""},"class_list":["post-4797","page","type-page","status-publish","hentry"],"_links":{"self":[{"href":"https:\/\/sursurmercociudades.org\/pt-br\/wp-json\/wp\/v2\/pages\/4797","targetHints":{"allow":["GET"]}}],"collection":[{"href":"https:\/\/sursurmercociudades.org\/pt-br\/wp-json\/wp\/v2\/pages"}],"about":[{"href":"https:\/\/sursurmercociudades.org\/pt-br\/wp-json\/wp\/v2\/types\/page"}],"author":[{"embeddable":true,"href":"https:\/\/sursurmercociudades.org\/pt-br\/wp-json\/wp\/v2\/users\/804"}],"replies":[{"embeddable":true,"href":"https:\/\/sursurmercociudades.org\/pt-br\/wp-json\/wp\/v2\/comments?post=4797"}],"version-history":[{"count":10,"href":"https:\/\/sursurmercociudades.org\/pt-br\/wp-json\/wp\/v2\/pages\/4797\/revisions"}],"predecessor-version":[{"id":13698,"href":"https:\/\/sursurmercociudades.org\/pt-br\/wp-json\/wp\/v2\/pages\/4797\/revisions\/13698"}],"wp:attachment":[{"href":"https:\/\/sursurmercociudades.org\/pt-br\/wp-json\/wp\/v2\/media?parent=4797"}],"curies":[{"name":"wp","href":"https:\/\/api.w.org\/{rel}","templated":true}]}}