{"id":4800,"date":"2022-01-26T13:23:39","date_gmt":"2022-01-26T16:23:39","guid":{"rendered":"https:\/\/sursurmercociudades.org\/capacitaciones-programa\/"},"modified":"2022-02-01T21:57:48","modified_gmt":"2022-02-02T00:57:48","slug":"capacitaciones-programa","status":"publish","type":"page","link":"https:\/\/sursurmercociudades.org\/pt-br\/capacitaciones-programa\/","title":{"rendered":"Capacita\u00e7\u00f5es"},"content":{"rendered":"  <div id=\"page-header-1174392134\" class=\"page-header-wrapper\">\n  <div class=\"page-title dark featured-title\">\n\n    \n    <div class=\"page-title-inner container align-center flex-row medium-flex-wrap\" >\n              <div class=\"title-wrapper flex-col text-left medium-text-center\">\n          <h1 class=\"entry-title mb-0\">\n            Capacita\u00e7\u00f5es          <\/h1>\n        <\/div>\n                    <div class=\"title-content flex-col flex-right text-right medium-text-center\">\n        <div class=\"title-breadcrumbs pb-half pt-half\"><\/div>      <\/div>\n    <\/div>\n\n     \n<style>\n#page-header-1174392134 {\n  margin-bottom: 29px;\n}\n<\/style>\n  <\/div>\n    <\/div>\n  \n<div class=\"row\"  id=\"row-1584298421\">\n\n\t<div id=\"col-824883990\" class=\"col medium-7 small-12 large-7\"  >\n\t\t\t\t<div class=\"col-inner\"  >\n\t\t\t\n\t\t\t\n<p><span style=\"font-weight: 400;\">Todos os anos o Programa de Coopera\u00e7\u00e3o Sul Sul de Mercociudades realiza capacita\u00e7\u00f5es em dois eixos principais, formula\u00e7\u00e3o de projetos regionais e desenvolvimento de estrat\u00e9gias de resili\u00eancia locais.\u00a0\u00a0<\/span><\/p>\n<p><span style=\"font-weight: 400;\">Duas inst\u00e2ncias s\u00e3o realizadas virtualmente e\/ou presencialmente (dependendo da situa\u00e7\u00e3o sanit\u00e1ria a n\u00edvel regional e mundial).\u00a0 <\/span><span style=\"font-weight: 400;\"><br \/>\n<\/span><span style=\"font-weight: 400;\"><br \/>\n<\/span><span style=\"font-weight: 400;\">Durante as forma\u00e7\u00f5es os participantes devem elaborar conte\u00fados espec\u00edficos. Tendo que entregar um projeto completamente formulado numa inst\u00e2ncia e uma estrat\u00e9gia de resili\u00eancia local na outra. As melhores iniciativas resultantes beneficiam-se de visitas t\u00e9cnicas espec\u00edficas em cidades da regi\u00e3o e do mundo com as despesas de viagem e estadia cobertas.\u00a0\u00a0<\/span><\/p>\n<p><span style=\"font-weight: 400;\">Aceda mais informa\u00e7\u00f5es sobre a <a href=\"https:\/\/sursurmercociudades.org\/pt-br\/capacitacion\/\">capacita\u00e7\u00e3o de formula\u00e7\u00e3o de projetos<\/a> e a <a href=\"https:\/\/sursurmercociudades.org\/pt-br\/resiliencia\/\">capacita\u00e7\u00e3o para o desenvolvimento de estrat\u00e9gias de resili\u00eancia<\/a>. <\/span><\/p>\n\t\t<\/div>\n\t\t\t\t\t<\/div>\n\n\t\n\n\t<div id=\"col-1333462951\" class=\"col medium-5 small-12 large-5\"  >\n\t\t\t\t<div class=\"col-inner\"  >\n\t\t\t\n\t\t\t\n\t<div class=\"img has-hover x md-x lg-x y md-y lg-y\" id=\"image_1542428849\">\n\t\t\t\t\t\t\t\t<div class=\"img-inner dark\" >\n\t\t\t<img loading=\"lazy\" decoding=\"async\" width=\"951\" height=\"526\" src=\"https:\/\/sursurmercociudades.org\/wp-content\/uploads\/2021\/07\/escuela-resiliencia_fotos.png\" class=\"attachment-large size-large\" alt=\"\" srcset=\"https:\/\/sursurmercociudades.org\/wp-content\/uploads\/2021\/07\/escuela-resiliencia_fotos.png 951w, https:\/\/sursurmercociudades.org\/wp-content\/uploads\/2021\/07\/escuela-resiliencia_fotos-723x400.png 723w, https:\/\/sursurmercociudades.org\/wp-content\/uploads\/2021\/07\/escuela-resiliencia_fotos-768x425.png 768w\" sizes=\"auto, (max-width: 951px) 100vw, 951px\" \/>\t\t\t\t\t\t\n\t\t\t\t\t<\/div>\n\t\t\t\t\t\t\t\t\n<style>\n#image_1542428849 {\n  width: 100%;\n}\n<\/style>\n\t<\/div>\n\t\n\t<div class=\"img has-hover x md-x lg-x y md-y lg-y\" id=\"image_514591968\">\n\t\t\t\t\t\t\t\t<div class=\"img-inner dark\" >\n\t\t\t<img loading=\"lazy\" decoding=\"async\" width=\"1000\" height=\"625\" src=\"https:\/\/sursurmercociudades.org\/wp-content\/uploads\/2019\/09\/70124275_980948945579732_4177004180969357312_n1.jpg\" class=\"attachment-large size-large\" alt=\"\" srcset=\"https:\/\/sursurmercociudades.org\/wp-content\/uploads\/2019\/09\/70124275_980948945579732_4177004180969357312_n1.jpg 1000w, https:\/\/sursurmercociudades.org\/wp-content\/uploads\/2019\/09\/70124275_980948945579732_4177004180969357312_n1-640x400.jpg 640w, https:\/\/sursurmercociudades.org\/wp-content\/uploads\/2019\/09\/70124275_980948945579732_4177004180969357312_n1-768x480.jpg 768w\" sizes=\"auto, (max-width: 1000px) 100vw, 1000px\" \/>\t\t\t\t\t\t\n\t\t\t\t\t<\/div>\n\t\t\t\t\t\t\t\t\n<style>\n#image_514591968 {\n  width: 100%;\n}\n<\/style>\n\t<\/div>\n\t\n\t\t<\/div>\n\t\t\t\t\t<\/div>\n\n\t\n<\/div>\n","protected":false},"excerpt":{"rendered":"","protected":false},"author":804,"featured_media":0,"parent":0,"menu_order":0,"comment_status":"closed","ping_status":"closed","template":"page-blank.php","meta":{"footnotes":""},"class_list":["post-4800","page","type-page","status-publish","hentry"],"_links":{"self":[{"href":"https:\/\/sursurmercociudades.org\/pt-br\/wp-json\/wp\/v2\/pages\/4800","targetHints":{"allow":["GET"]}}],"collection":[{"href":"https:\/\/sursurmercociudades.org\/pt-br\/wp-json\/wp\/v2\/pages"}],"about":[{"href":"https:\/\/sursurmercociudades.org\/pt-br\/wp-json\/wp\/v2\/types\/page"}],"author":[{"embeddable":true,"href":"https:\/\/sursurmercociudades.org\/pt-br\/wp-json\/wp\/v2\/users\/804"}],"replies":[{"embeddable":true,"href":"https:\/\/sursurmercociudades.org\/pt-br\/wp-json\/wp\/v2\/comments?post=4800"}],"version-history":[{"count":3,"href":"https:\/\/sursurmercociudades.org\/pt-br\/wp-json\/wp\/v2\/pages\/4800\/revisions"}],"predecessor-version":[{"id":4803,"href":"https:\/\/sursurmercociudades.org\/pt-br\/wp-json\/wp\/v2\/pages\/4800\/revisions\/4803"}],"wp:attachment":[{"href":"https:\/\/sursurmercociudades.org\/pt-br\/wp-json\/wp\/v2\/media?parent=4800"}],"curies":[{"name":"wp","href":"https:\/\/api.w.org\/{rel}","templated":true}]}}