{"id":653,"date":"2021-07-07T21:51:09","date_gmt":"2021-07-08T00:51:09","guid":{"rendered":"https:\/\/sursurmercociudades.org\/?page_id=653"},"modified":"2025-03-26T13:53:57","modified_gmt":"2025-03-26T16:53:57","slug":"login","status":"publish","type":"page","link":"https:\/\/sursurmercociudades.org\/pt-br\/login\/","title":{"rendered":"Login"},"content":{"rendered":"  <div id=\"page-header-1420592991\" class=\"page-header-wrapper\">\n  <div class=\"page-title dark featured-title\">\n\n    \n    <div class=\"page-title-inner container align-center flex-row medium-flex-wrap\" >\n              <div class=\"title-wrapper flex-col text-left medium-text-center\">\n          <h1 class=\"entry-title mb-0\">\n            Login          <\/h1>\n        <\/div>\n                    <div class=\"title-content flex-col flex-right text-right medium-text-center\">\n        <div class=\"title-breadcrumbs pb-half pt-half\"><\/div>      <\/div>\n    <\/div>\n\n       <\/div>\n    <\/div>\n  \n\n\t<section class=\"section\" id=\"section_211078853\">\n\t\t<div class=\"section-bg fill\" >\n\t\t\t\t\t\t\t\t\t\n\t\t\t\n\n\t\t<\/div>\n\n\t\t\n\n\t\t<div class=\"section-content relative\">\n\t\t\t\n<div class=\"row align-center\"  id=\"row-1444000637\">\n\n\t<div id=\"col-1476701070\" class=\"col medium-6 small-12 large-6\"  >\n\t\t\t\t<div class=\"col-inner text-left\"  >\n\t\t\t\n\t\t\t\n    <div id=\"mensaje-post-registro\" style=\"display:none; padding: 15px; background: #dff0d8; color: red; border: 1px solid #d6e9c6; border-radius: 4px; margin-bottom: 20px;\">\n        Usted ha solicitado el registro correctamente. Recibir\u00e1 en su correo electr\u00f3nico un mensaje para verificar su correo, previo a la aprobaci\u00f3n final del administrador.\n    <\/div>\n\n    <script>\n    document.addEventListener(\"DOMContentLoaded\", function () {\n        const referrer = document.referrer;\n        if (referrer === \"https:\/\/sursurmercociudades.org\/registrarse\/\") {\n            const mensaje = document.getElementById(\"mensaje-post-registro\");\n            if (mensaje) {\n                mensaje.style.display = \"block\";\n            }\n        }\n    });\n    <\/script>\n    \n<div class=\"login\" id=\"wpuf-login-form\">\n\n    <div class=\"wpuf-login-header\">\n                <h2 class=\"wpuf-login-title\">Login Form<\/h2>\n                <p class=\"wpuf-login-subtitle\">Please complete all information below<\/p>\n            <\/div>\n\n    \n    <form name=\"loginform\" class=\"wpuf-login-form\" id=\"loginform\" action=\"https:\/\/sursurmercociudades.org\/pt-br\/login\/\" method=\"post\">\n        <p>\n            <label for=\"wpuf-user_login\">Nombre de usuario o email<\/label>\n            <input type=\"text\" name=\"log\" id=\"wpuf-user_login\" class=\"input\" value=\"\" size=\"20\" \/>\n        <\/p>\n        <p>\n            <label for=\"wpuf-user_pass\">Password<\/label>\n            <input type=\"password\" name=\"pwd\" id=\"wpuf-user_pass\" class=\"input\" value=\"\" size=\"20\" \/>\n        <\/p>\n\n                            <p>\n                <div class=\"wpuf-fields\">\n                    <div class=\"g-recaptcha\" data-sitekey=\"6LcWAJUbAAAAACS0J0w4oqRlB5XzncO_ivnNBbrP\"><\/div>\n\n\t<noscript>\n  \t\t<iframe loading=\"lazy\" src=\"https:\/\/www.google.com\/recaptcha\/api\/noscript?k=6LcWAJUbAAAAACS0J0w4oqRlB5XzncO_ivnNBbrP\" height=\"300\" width=\"500\" frameborder=\"0\"><\/iframe><br \/>\n  \t\t<textarea name=\"recaptcha_challenge_field\" rows=\"3\" cols=\"40\"><\/textarea>\n  \t\t<input type=\"hidden\" name=\"recaptcha_response_field\" value=\"manual_challenge\" \/>\n\t<\/noscript>                <\/div>\n            <\/p>\n        \n        \n        <p class=\"forgetmenot wpuf-remember-forgot-wrapper\">\n            <span class=\"wpuf-remember-me\">\n                <input name=\"rememberme\" type=\"checkbox\" id=\"wpuf-rememberme\" value=\"forever\" \/>\n                <label for=\"wpuf-rememberme\">Remember Me<\/label>\n            <\/span>\n            <span class=\"wpuf-lost-password\">\n                <a href=\"https:\/\/sursurmercociudades.org\/pt-br\/login\/?action=lostpassword\">Restablecer contrase\u00f1a<\/a>\n            <\/span>\n        <\/p>\n\n        <p class=\"submit\">\n            <input type=\"submit\" name=\"wp-submit\" id=\"wp-submit\" value=\"Log In\" \/>\n            <input type=\"hidden\" name=\"redirect_to\" value=\"https:\/\/sursurmercociudades.org\/cuenta\/\" \/>\n            <input type=\"hidden\" name=\"wpuf_login\" value=\"true\" \/>\n            <input type=\"hidden\" name=\"action\" value=\"login\" \/>\n            <input type=\"hidden\" id=\"wpuf-login-nonce\" name=\"wpuf-login-nonce\" value=\"172127a30d\" \/><input type=\"hidden\" name=\"_wp_http_referer\" value=\"\/pt-br\/wp-json\/wp\/v2\/pages\/653\" \/>        <\/p>\n        <p>\n                    <\/p>\n    <\/form>\n\n    <span class=\"wpuf-register-text\">Don't have an account? <\/span><a href=\"https:\/\/sursurmercociudades.org\/pt-br\/registrarse\/\">Register<\/a><\/div>\n\n\t\t<\/div>\n\t\t\t\t\t<\/div>\n\n\t\n<\/div>\n\t\t<\/div>\n\n\t\t\n<style>\n#section_211078853 {\n  padding-top: 30px;\n  padding-bottom: 30px;\n}\n<\/style>\n\t<\/section>\n\t\n","protected":false},"excerpt":{"rendered":"","protected":false},"author":1,"featured_media":0,"parent":0,"menu_order":0,"comment_status":"closed","ping_status":"closed","template":"page-blank.php","meta":{"footnotes":""},"class_list":["post-653","page","type-page","status-publish","hentry"],"_links":{"self":[{"href":"https:\/\/sursurmercociudades.org\/pt-br\/wp-json\/wp\/v2\/pages\/653","targetHints":{"allow":["GET"]}}],"collection":[{"href":"https:\/\/sursurmercociudades.org\/pt-br\/wp-json\/wp\/v2\/pages"}],"about":[{"href":"https:\/\/sursurmercociudades.org\/pt-br\/wp-json\/wp\/v2\/types\/page"}],"author":[{"embeddable":true,"href":"https:\/\/sursurmercociudades.org\/pt-br\/wp-json\/wp\/v2\/users\/1"}],"replies":[{"embeddable":true,"href":"https:\/\/sursurmercociudades.org\/pt-br\/wp-json\/wp\/v2\/comments?post=653"}],"version-history":[{"count":7,"href":"https:\/\/sursurmercociudades.org\/pt-br\/wp-json\/wp\/v2\/pages\/653\/revisions"}],"predecessor-version":[{"id":11653,"href":"https:\/\/sursurmercociudades.org\/pt-br\/wp-json\/wp\/v2\/pages\/653\/revisions\/11653"}],"wp:attachment":[{"href":"https:\/\/sursurmercociudades.org\/pt-br\/wp-json\/wp\/v2\/media?parent=653"}],"curies":[{"name":"wp","href":"https:\/\/api.w.org\/{rel}","templated":true}]}}