{"id":8287,"date":"2023-06-29T02:38:29","date_gmt":"2023-06-29T05:38:29","guid":{"rendered":"https:\/\/sursurmercociudades.org\/confirmamos-el-envio-de-la-postulacion-capacitacion-en-formulacion-de-proyectos\/"},"modified":"2023-07-20T13:24:18","modified_gmt":"2023-07-20T16:24:18","slug":"confirmamos-a-apresentacao-da-candidatura-formulacao-formacao-em-formulacao-de-projectos","status":"publish","type":"page","link":"https:\/\/sursurmercociudades.org\/pt-br\/confirmamos-a-apresentacao-da-candidatura-formulacao-formacao-em-formulacao-de-projectos\/","title":{"rendered":"Confirmamos a apresenta\u00e7\u00e3o da candidatura Formula\u00e7\u00e3o Forma\u00e7\u00e3o em Formula\u00e7\u00e3o de Projectos"},"content":{"rendered":"<div class=\"row align-center\"  id=\"row-700171384\">\n\n\t<div id=\"col-152813215\" class=\"col medium-6 small-12 large-6\"  >\n\t\t\t\t<div class=\"col-inner\"  >\n\t\t\t\n\t\t\t\n\t<div id=\"text-2947763346\" class=\"text\">\n\t\t\n<h2 style=\"text-align: center;\"><strong>Confirmamos a sua candidatura para a Forma\u00e7\u00e3o em Formula\u00e7\u00e3o de Projetos de Mercocidades.<\/strong><\/h2>\n<p style=\"text-align: center;\">Para mais informa\u00e7\u00e3o entre em contato com <a href=\"mailto:innovacion.comunica@gmail.com\">innovacion.comunica@gmail.com<\/a><\/p>\n\t\t\n<style>\n#text-2947763346 {\n  text-align: center;\n}\n<\/style>\n\t<\/div>\n\t\n\t\t<\/div>\n\t\t\t\t\t<\/div>\n\n\t\n<\/div>\n","protected":false},"excerpt":{"rendered":"","protected":false},"author":1,"featured_media":0,"parent":0,"menu_order":0,"comment_status":"closed","ping_status":"closed","template":"","meta":{"footnotes":""},"class_list":["post-8287","page","type-page","status-publish","hentry"],"_links":{"self":[{"href":"https:\/\/sursurmercociudades.org\/pt-br\/wp-json\/wp\/v2\/pages\/8287","targetHints":{"allow":["GET"]}}],"collection":[{"href":"https:\/\/sursurmercociudades.org\/pt-br\/wp-json\/wp\/v2\/pages"}],"about":[{"href":"https:\/\/sursurmercociudades.org\/pt-br\/wp-json\/wp\/v2\/types\/page"}],"author":[{"embeddable":true,"href":"https:\/\/sursurmercociudades.org\/pt-br\/wp-json\/wp\/v2\/users\/1"}],"replies":[{"embeddable":true,"href":"https:\/\/sursurmercociudades.org\/pt-br\/wp-json\/wp\/v2\/comments?post=8287"}],"version-history":[{"count":2,"href":"https:\/\/sursurmercociudades.org\/pt-br\/wp-json\/wp\/v2\/pages\/8287\/revisions"}],"predecessor-version":[{"id":8355,"href":"https:\/\/sursurmercociudades.org\/pt-br\/wp-json\/wp\/v2\/pages\/8287\/revisions\/8355"}],"wp:attachment":[{"href":"https:\/\/sursurmercociudades.org\/pt-br\/wp-json\/wp\/v2\/media?parent=8287"}],"curies":[{"name":"wp","href":"https:\/\/api.w.org\/{rel}","templated":true}]}}